{"id":99,"date":"2022-10-04T14:50:37","date_gmt":"2022-10-04T14:50:37","guid":{"rendered":"https:\/\/scisco.co\/?page_id=99"},"modified":"2022-12-03T15:22:01","modified_gmt":"2022-12-03T15:22:01","slug":"quienes-somos","status":"publish","type":"page","link":"https:\/\/scisco.co\/en\/quienes-somos\/","title":{"rendered":"Who we are"},"content":{"rendered":"<div data-elementor-type=\"wp-page\" data-elementor-id=\"99\" class=\"elementor elementor-99\">\n\t\t\t\t\t\t\t<div class=\"elementor-element elementor-element-d511233 e-con-boxed e-con\" data-id=\"d511233\" data-element_type=\"container\" data-settings=\"{&quot;background_background&quot;:&quot;classic&quot;,&quot;content_width&quot;:&quot;boxed&quot;}\">\n\t\t\t\t\t<div class=\"e-con-inner\">\n\t\t\t\t<div class=\"elementor-element elementor-element-3d60f9f elementor-widget elementor-widget-image\" data-id=\"3d60f9f\" data-element_type=\"widget\" data-widget_type=\"image.default\">\n\t\t\t\t<div class=\"elementor-widget-container\">\n\t\t\t<style>\/*! elementor - v3.9.2 - 21-12-2022 *\/\n.elementor-widget-image{text-align:center}.elementor-widget-image a{display:inline-block}.elementor-widget-image a img[src$=\".svg\"]{width:48px}.elementor-widget-image img{vertical-align:middle;display:inline-block}<\/style>\t\t\t\t\t\t\t\t\t\t\t\t<img decoding=\"async\" width=\"351\" height=\"346\" src=\"https:\/\/scisco.co\/wp-content\/uploads\/2022\/10\/SCISCO_icono_familia_2.png\" class=\"attachment-full size-full wp-image-107\" alt=\"\" loading=\"lazy\" srcset=\"https:\/\/scisco.co\/wp-content\/uploads\/2022\/10\/SCISCO_icono_familia_2.png 351w, https:\/\/scisco.co\/wp-content\/uploads\/2022\/10\/SCISCO_icono_familia_2-300x296.png 300w\" sizes=\"(max-width: 351px) 100vw, 351px\" \/>\t\t\t\t\t\t\t\t\t\t\t\t\t\t\t<\/div>\n\t\t\t\t<\/div>\n\t\t\t\t<div class=\"elementor-element elementor-element-0d756a4 elementor-widget__width-initial elementor-widget elementor-widget-heading\" data-id=\"0d756a4\" data-element_type=\"widget\" data-widget_type=\"heading.default\">\n\t\t\t\t<div class=\"elementor-widget-container\">\n\t\t\t<style>\/*! elementor - v3.9.2 - 21-12-2022 *\/\n.elementor-heading-title{padding:0;margin:0;line-height:1}.elementor-widget-heading .elementor-heading-title[class*=elementor-size-]>a{color:inherit;font-size:inherit;line-height:inherit}.elementor-widget-heading .elementor-heading-title.elementor-size-small{font-size:15px}.elementor-widget-heading .elementor-heading-title.elementor-size-medium{font-size:19px}.elementor-widget-heading .elementor-heading-title.elementor-size-large{font-size:29px}.elementor-widget-heading .elementor-heading-title.elementor-size-xl{font-size:39px}.elementor-widget-heading .elementor-heading-title.elementor-size-xxl{font-size:59px}<\/style><h1 class=\"elementor-heading-title elementor-size-default\">A humanistic approach<\/h1>\t\t<\/div>\n\t\t\t\t<\/div>\n\t\t\t\t\t<\/div>\n\t\t\t\t<\/div>\n\t\t<div class=\"elementor-element elementor-element-eb15dd4 e-con-boxed e-con\" data-id=\"eb15dd4\" data-element_type=\"container\" data-settings=\"{&quot;content_width&quot;:&quot;boxed&quot;}\">\n\t\t\t\t\t<div class=\"e-con-inner\">\n\t\t<div class=\"elementor-element elementor-element-4e6fae9 e-con-full e-con\" data-id=\"4e6fae9\" data-element_type=\"container\" data-settings=\"{&quot;content_width&quot;:&quot;full&quot;}\">\n\t\t\t\t<div class=\"elementor-element elementor-element-2b53331 elementor-widget__width-initial elementor-widget elementor-widget-text-editor\" data-id=\"2b53331\" data-element_type=\"widget\" data-widget_type=\"text-editor.default\">\n\t\t\t\t<div class=\"elementor-widget-container\">\n\t\t\t<style>\/*! elementor - v3.9.2 - 21-12-2022 *\/\n.elementor-widget-text-editor.elementor-drop-cap-view-stacked .elementor-drop-cap{background-color:#818a91;color:#fff}.elementor-widget-text-editor.elementor-drop-cap-view-framed .elementor-drop-cap{color:#818a91;border:3px solid;background-color:transparent}.elementor-widget-text-editor:not(.elementor-drop-cap-view-default) .elementor-drop-cap{margin-top:8px}.elementor-widget-text-editor:not(.elementor-drop-cap-view-default) .elementor-drop-cap-letter{width:1em;height:1em}.elementor-widget-text-editor .elementor-drop-cap{float:left;text-align:center;line-height:1;font-size:50px}.elementor-widget-text-editor .elementor-drop-cap-letter{display:inline-block}<\/style>\t\t\t\tWe have a passion for the\nservice to the community and\nuse of scientific evidence for human development. Building bridges between the areas of health sciences.\t\t\t\t\t\t<\/div>\n\t\t\t\t<\/div>\n\t\t\t\t<div class=\"elementor-element elementor-element-c913ad5 elementor-widget__width-initial elementor-widget elementor-widget-text-editor\" data-id=\"c913ad5\" data-element_type=\"widget\" data-widget_type=\"text-editor.default\">\n\t\t\t\t<div class=\"elementor-widget-container\">\n\t\t\t\t\t\t\t<p>It is vital to promote innovative, sustainable, people-relevant research strategies and methods with an emphasis on community service. <strong>Scientific research is a pillar of the development of science, of a country, of humanity.<\/strong> Each scientific study has a social responsibility with this and future generations; in SCISCO we do sustainable, ethical research and that contributes to all,<\/p>\t\t\t\t\t\t<\/div>\n\t\t\t\t<\/div>\n\t\t\t\t<div class=\"elementor-element elementor-element-8b80b83 elementor-align-center elementor-widget elementor-widget-button\" data-id=\"8b80b83\" data-element_type=\"widget\" data-widget_type=\"button.default\">\n\t\t\t\t<div class=\"elementor-widget-container\">\n\t\t\t\t\t<div class=\"elementor-button-wrapper\">\n\t\t\t<a href=\"https:\/\/scisco.co\/en\/quienes-somos\/equipo-y-valores\/\" class=\"elementor-button-link elementor-button elementor-size-md\" role=\"button\">\n\t\t\t\t\t\t<span class=\"elementor-button-content-wrapper\">\n\t\t\t\t\t\t<span class=\"elementor-button-text\">OUR TEAM<\/span>\n\t\t<\/span>\n\t\t\t\t\t<\/a>\n\t\t<\/div>\n\t\t\t\t<\/div>\n\t\t\t\t<\/div>\n\t\t\t\t<\/div>\n\t\t\t\t\t<\/div>\n\t\t\t\t<\/div>\n\t\t<div class=\"elementor-element elementor-element-3ddfaab e-con-boxed e-con\" data-id=\"3ddfaab\" data-element_type=\"container\" data-settings=\"{&quot;background_background&quot;:&quot;classic&quot;,&quot;content_width&quot;:&quot;boxed&quot;}\">\n\t\t\t\t\t<div class=\"e-con-inner\">\n\t\t\t\t<div class=\"elementor-element elementor-element-60aa40c elementor-widget__width-initial elementor-widget elementor-widget-text-editor\" data-id=\"60aa40c\" data-element_type=\"widget\" data-widget_type=\"text-editor.default\">\n\t\t\t\t<div class=\"elementor-widget-container\">\n\t\t\t\t\t\t\tWe have been doing humanistic and translational research for over 10 years. We have organized ourselves as a Non-profit and Health Research Foundation.\t\t\t\t\t\t<\/div>\n\t\t\t\t<\/div>\n\t\t\t\t<div class=\"elementor-element elementor-element-707c89c elementor-align-center elementor-widget elementor-widget-button\" data-id=\"707c89c\" data-element_type=\"widget\" data-widget_type=\"button.default\">\n\t\t\t\t<div class=\"elementor-widget-container\">\n\t\t\t\t\t<div class=\"elementor-button-wrapper\">\n\t\t\t<a href=\"https:\/\/scisco.co\/en\/donaciones\/\" class=\"elementor-button-link elementor-button elementor-size-md\" role=\"button\">\n\t\t\t\t\t\t<span class=\"elementor-button-content-wrapper\">\n\t\t\t\t\t\t<span class=\"elementor-button-text\">DONATE NOW<\/span>\n\t\t<\/span>\n\t\t\t\t\t<\/a>\n\t\t<\/div>\n\t\t\t\t<\/div>\n\t\t\t\t<\/div>\n\t\t\t\t\t<\/div>\n\t\t\t\t<\/div>\n\t\t\t\t\t\t\t<\/div>","protected":false},"excerpt":{"rendered":"<p>Un enfoque human\u00edstico Tenemos una pasi\u00f3n por el servicio a la comunidad y por el uso de la evidencia cient\u00edfica para el desarrollo humano. La creaci\u00f3n de puentes que unan [&hellip;]<\/p>","protected":false},"author":1,"featured_media":0,"parent":0,"menu_order":1,"comment_status":"closed","ping_status":"closed","template":"elementor_header_footer","meta":{"_coblocks_attr":"","_coblocks_dimensions":"","_coblocks_responsive_height":"","_coblocks_accordion_ie_support":"","hide_page_title":""},"yoast_head":"<!-- This site is optimized with the Yoast SEO plugin v19.13 - https:\/\/yoast.com\/wordpress\/plugins\/seo\/ -->\n<title>Qui\u00e9nes Somos - Scisco<\/title>\n<meta name=\"robots\" content=\"index, follow, max-snippet:-1, max-image-preview:large, max-video-preview:-1\" \/>\n<link rel=\"canonical\" href=\"https:\/\/scisco.co\/en\/quienes-somos\/\" \/>\n<meta property=\"og:locale\" content=\"en_US\" \/>\n<meta property=\"og:type\" content=\"article\" \/>\n<meta property=\"og:title\" content=\"Qui\u00e9nes Somos - Scisco\" \/>\n<meta property=\"og:description\" content=\"Un enfoque human\u00edstico Tenemos una pasi\u00f3n por el servicio a la comunidad y por el uso de la evidencia cient\u00edfica para el desarrollo humano. La creaci\u00f3n de puentes que unan [&hellip;]\" \/>\n<meta property=\"og:url\" content=\"https:\/\/scisco.co\/en\/quienes-somos\/\" \/>\n<meta property=\"og:site_name\" content=\"Scisco\" \/>\n<meta property=\"article:modified_time\" content=\"2022-12-03T15:22:01+00:00\" \/>\n<meta property=\"og:image\" content=\"https:\/\/scisco.co\/wp-content\/uploads\/2022\/10\/SCISCO_icono_familia_2.png\" \/>\n<meta name=\"twitter:card\" content=\"summary_large_image\" \/>\n<meta name=\"twitter:label1\" content=\"Est. reading time\" \/>\n\t<meta name=\"twitter:data1\" content=\"1 minute\" \/>\n<script type=\"application\/ld+json\" class=\"yoast-schema-graph\">{\"@context\":\"https:\/\/schema.org\",\"@graph\":[{\"@type\":\"WebPage\",\"@id\":\"https:\/\/scisco.co\/quienes-somos\/\",\"url\":\"https:\/\/scisco.co\/quienes-somos\/\",\"name\":\"Qui\u00e9nes Somos - Scisco\",\"isPartOf\":{\"@id\":\"https:\/\/scisco.co\/#website\"},\"datePublished\":\"2022-10-04T14:50:37+00:00\",\"dateModified\":\"2022-12-03T15:22:01+00:00\",\"breadcrumb\":{\"@id\":\"https:\/\/scisco.co\/quienes-somos\/#breadcrumb\"},\"inLanguage\":\"en-US\",\"potentialAction\":[{\"@type\":\"ReadAction\",\"target\":[\"https:\/\/scisco.co\/quienes-somos\/\"]}]},{\"@type\":\"BreadcrumbList\",\"@id\":\"https:\/\/scisco.co\/quienes-somos\/#breadcrumb\",\"itemListElement\":[{\"@type\":\"ListItem\",\"position\":1,\"name\":\"Portada\",\"item\":\"https:\/\/scisco.co\/\"},{\"@type\":\"ListItem\",\"position\":2,\"name\":\"Qui\u00e9nes Somos\"}]},{\"@type\":\"WebSite\",\"@id\":\"https:\/\/scisco.co\/#website\",\"url\":\"https:\/\/scisco.co\/\",\"name\":\"Scisco\",\"description\":\"\",\"publisher\":{\"@id\":\"https:\/\/scisco.co\/#organization\"},\"potentialAction\":[{\"@type\":\"SearchAction\",\"target\":{\"@type\":\"EntryPoint\",\"urlTemplate\":\"https:\/\/scisco.co\/?s={search_term_string}\"},\"query-input\":\"required name=search_term_string\"}],\"inLanguage\":\"en-US\"},{\"@type\":\"Organization\",\"@id\":\"https:\/\/scisco.co\/#organization\",\"name\":\"Scisco\",\"url\":\"https:\/\/scisco.co\/\",\"logo\":{\"@type\":\"ImageObject\",\"inLanguage\":\"en-US\",\"@id\":\"https:\/\/scisco.co\/#\/schema\/logo\/image\/\",\"url\":\"https:\/\/scisco.co\/wp-content\/uploads\/2022\/11\/Scisco-Foundation_Logo-ESP.png\",\"contentUrl\":\"https:\/\/scisco.co\/wp-content\/uploads\/2022\/11\/Scisco-Foundation_Logo-ESP.png\",\"width\":1896,\"height\":594,\"caption\":\"Scisco\"},\"image\":{\"@id\":\"https:\/\/scisco.co\/#\/schema\/logo\/image\/\"}}]}<\/script>\n<!-- \/ Yoast SEO plugin. -->","yoast_head_json":{"title":"Qui\u00e9nes Somos - Scisco","robots":{"index":"index","follow":"follow","max-snippet":"max-snippet:-1","max-image-preview":"max-image-preview:large","max-video-preview":"max-video-preview:-1"},"canonical":"https:\/\/scisco.co\/en\/quienes-somos\/","og_locale":"en_US","og_type":"article","og_title":"Qui\u00e9nes Somos - Scisco","og_description":"Un enfoque human\u00edstico Tenemos una pasi\u00f3n por el servicio a la comunidad y por el uso de la evidencia cient\u00edfica para el desarrollo humano. La creaci\u00f3n de puentes que unan [&hellip;]","og_url":"https:\/\/scisco.co\/en\/quienes-somos\/","og_site_name":"Scisco","article_modified_time":"2022-12-03T15:22:01+00:00","og_image":[{"url":"https:\/\/scisco.co\/wp-content\/uploads\/2022\/10\/SCISCO_icono_familia_2.png"}],"twitter_card":"summary_large_image","twitter_misc":{"Est. reading time":"1 minute"},"schema":{"@context":"https:\/\/schema.org","@graph":[{"@type":"WebPage","@id":"https:\/\/scisco.co\/quienes-somos\/","url":"https:\/\/scisco.co\/quienes-somos\/","name":"Qui\u00e9nes Somos - Scisco","isPartOf":{"@id":"https:\/\/scisco.co\/#website"},"datePublished":"2022-10-04T14:50:37+00:00","dateModified":"2022-12-03T15:22:01+00:00","breadcrumb":{"@id":"https:\/\/scisco.co\/quienes-somos\/#breadcrumb"},"inLanguage":"en-US","potentialAction":[{"@type":"ReadAction","target":["https:\/\/scisco.co\/quienes-somos\/"]}]},{"@type":"BreadcrumbList","@id":"https:\/\/scisco.co\/quienes-somos\/#breadcrumb","itemListElement":[{"@type":"ListItem","position":1,"name":"Portada","item":"https:\/\/scisco.co\/"},{"@type":"ListItem","position":2,"name":"Qui\u00e9nes Somos"}]},{"@type":"WebSite","@id":"https:\/\/scisco.co\/#website","url":"https:\/\/scisco.co\/","name":"Scisco","description":"","publisher":{"@id":"https:\/\/scisco.co\/#organization"},"potentialAction":[{"@type":"SearchAction","target":{"@type":"EntryPoint","urlTemplate":"https:\/\/scisco.co\/?s={search_term_string}"},"query-input":"required name=search_term_string"}],"inLanguage":"en-US"},{"@type":"Organization","@id":"https:\/\/scisco.co\/#organization","name":"Scisco","url":"https:\/\/scisco.co\/","logo":{"@type":"ImageObject","inLanguage":"en-US","@id":"https:\/\/scisco.co\/#\/schema\/logo\/image\/","url":"https:\/\/scisco.co\/wp-content\/uploads\/2022\/11\/Scisco-Foundation_Logo-ESP.png","contentUrl":"https:\/\/scisco.co\/wp-content\/uploads\/2022\/11\/Scisco-Foundation_Logo-ESP.png","width":1896,"height":594,"caption":"Scisco"},"image":{"@id":"https:\/\/scisco.co\/#\/schema\/logo\/image\/"}}]}},"_links":{"self":[{"href":"https:\/\/scisco.co\/en\/wp-json\/wp\/v2\/pages\/99"}],"collection":[{"href":"https:\/\/scisco.co\/en\/wp-json\/wp\/v2\/pages"}],"about":[{"href":"https:\/\/scisco.co\/en\/wp-json\/wp\/v2\/types\/page"}],"author":[{"embeddable":true,"href":"https:\/\/scisco.co\/en\/wp-json\/wp\/v2\/users\/1"}],"replies":[{"embeddable":true,"href":"https:\/\/scisco.co\/en\/wp-json\/wp\/v2\/comments?post=99"}],"version-history":[{"count":119,"href":"https:\/\/scisco.co\/en\/wp-json\/wp\/v2\/pages\/99\/revisions"}],"predecessor-version":[{"id":1623,"href":"https:\/\/scisco.co\/en\/wp-json\/wp\/v2\/pages\/99\/revisions\/1623"}],"wp:attachment":[{"href":"https:\/\/scisco.co\/en\/wp-json\/wp\/v2\/media?parent=99"}],"curies":[{"name":"wp","href":"https:\/\/api.w.org\/{rel}","templated":true}]}}