{"id":253,"date":"2022-10-06T01:23:16","date_gmt":"2022-10-06T01:23:16","guid":{"rendered":"https:\/\/scisco.co\/?page_id=253"},"modified":"2024-08-03T19:53:11","modified_gmt":"2024-08-03T19:53:11","slug":"donaciones","status":"publish","type":"page","link":"https:\/\/scisco.co\/en\/donaciones\/","title":{"rendered":"Donations"},"content":{"rendered":"<div data-elementor-type=\"wp-page\" data-elementor-id=\"253\" class=\"elementor elementor-253\">\n\t\t\t\t\t\t\t<div class=\"elementor-element elementor-element-712b58b e-con-boxed e-con\" data-id=\"712b58b\" data-element_type=\"container\" data-settings=\"{&quot;background_background&quot;:&quot;classic&quot;,&quot;content_width&quot;:&quot;boxed&quot;}\">\n\t\t\t\t\t<div class=\"e-con-inner\">\n\t\t<div class=\"elementor-element elementor-element-101f117 e-con-full e-con\" data-id=\"101f117\" data-element_type=\"container\" data-settings=\"{&quot;content_width&quot;:&quot;full&quot;}\">\n\t\t\t\t<div class=\"elementor-element elementor-element-321d34a elementor-widget elementor-widget-image\" data-id=\"321d34a\" data-element_type=\"widget\" data-widget_type=\"image.default\">\n\t\t\t\t<div class=\"elementor-widget-container\">\n\t\t\t<style>\/*! elementor - v3.9.2 - 21-12-2022 *\/\n.elementor-widget-image{text-align:center}.elementor-widget-image a{display:inline-block}.elementor-widget-image a img[src$=\".svg\"]{width:48px}.elementor-widget-image img{vertical-align:middle;display:inline-block}<\/style>\t\t\t\t\t\t\t\t\t\t\t\t<img decoding=\"async\" width=\"346\" height=\"388\" src=\"https:\/\/scisco.co\/wp-content\/uploads\/2022\/10\/SCISCO_icono_voluntarios.png\" class=\"attachment-full size-full wp-image-246\" alt=\"\" loading=\"lazy\" srcset=\"https:\/\/scisco.co\/wp-content\/uploads\/2022\/10\/SCISCO_icono_voluntarios.png 346w, https:\/\/scisco.co\/wp-content\/uploads\/2022\/10\/SCISCO_icono_voluntarios-268x300.png 268w\" sizes=\"(max-width: 346px) 100vw, 346px\" \/>\t\t\t\t\t\t\t\t\t\t\t\t\t\t\t<\/div>\n\t\t\t\t<\/div>\n\t\t\t\t<div class=\"elementor-element elementor-element-0e71bc5 elementor-widget__width-initial elementor-widget elementor-widget-heading\" data-id=\"0e71bc5\" data-element_type=\"widget\" data-widget_type=\"heading.default\">\n\t\t\t\t<div class=\"elementor-widget-container\">\n\t\t\t<style>\/*! elementor - v3.9.2 - 21-12-2022 *\/\n.elementor-heading-title{padding:0;margin:0;line-height:1}.elementor-widget-heading .elementor-heading-title[class*=elementor-size-]>a{color:inherit;font-size:inherit;line-height:inherit}.elementor-widget-heading .elementor-heading-title.elementor-size-small{font-size:15px}.elementor-widget-heading .elementor-heading-title.elementor-size-medium{font-size:19px}.elementor-widget-heading .elementor-heading-title.elementor-size-large{font-size:29px}.elementor-widget-heading .elementor-heading-title.elementor-size-xl{font-size:39px}.elementor-widget-heading .elementor-heading-title.elementor-size-xxl{font-size:59px}<\/style><h1 class=\"elementor-heading-title elementor-size-default\">Donate now and support us<\/h1>\t\t<\/div>\n\t\t\t\t<\/div>\n\t\t\t\t<div class=\"elementor-element elementor-element-4c0016e elementor-widget-mobile__width-initial elementor-widget elementor-widget-text-editor\" data-id=\"4c0016e\" data-element_type=\"widget\" data-widget_type=\"text-editor.default\">\n\t\t\t\t<div class=\"elementor-widget-container\">\n\t\t\t<style>\/*! elementor - v3.9.2 - 21-12-2022 *\/\n.elementor-widget-text-editor.elementor-drop-cap-view-stacked .elementor-drop-cap{background-color:#818a91;color:#fff}.elementor-widget-text-editor.elementor-drop-cap-view-framed .elementor-drop-cap{color:#818a91;border:3px solid;background-color:transparent}.elementor-widget-text-editor:not(.elementor-drop-cap-view-default) .elementor-drop-cap{margin-top:8px}.elementor-widget-text-editor:not(.elementor-drop-cap-view-default) .elementor-drop-cap-letter{width:1em;height:1em}.elementor-widget-text-editor .elementor-drop-cap{float:left;text-align:center;line-height:1;font-size:50px}.elementor-widget-text-editor .elementor-drop-cap-letter{display:inline-block}<\/style>\t\t\t\tHelp us change public health research.\t\t\t\t\t\t<\/div>\n\t\t\t\t<\/div>\n\t\t\t\t<\/div>\n\t\t\t\t\t<\/div>\n\t\t\t\t<\/div>\n\t\t<div class=\"elementor-element elementor-element-ad327df e-con-boxed e-con\" data-id=\"ad327df\" data-element_type=\"container\" data-settings=\"{&quot;content_width&quot;:&quot;boxed&quot;}\">\n\t\t\t\t\t<div class=\"e-con-inner\">\n\t\t<div class=\"elementor-element elementor-element-52b231a e-con-full e-con\" data-id=\"52b231a\" data-element_type=\"container\" data-settings=\"{&quot;content_width&quot;:&quot;full&quot;}\">\n\t\t\t\t<div class=\"elementor-element elementor-element-6b0feb2 elementor-widget__width-initial elementor-widget elementor-widget-text-editor\" data-id=\"6b0feb2\" data-element_type=\"widget\" data-widget_type=\"text-editor.default\">\n\t\t\t\t<div class=\"elementor-widget-container\">\n\t\t\t\t\t\t\t<p>Ay\u00fadanos a impulsar la investigaci\u00f3n en salud p\u00fablica. Con nuestro equipo interdisciplinario, nuestro enfoque en la comunidad, y tu apoyo, podremos continuar esta iniciativa y fortalecer la investigaci\u00f3n enfocada en el ser humano.<\/p><p>Muchas gracias por tu aporte.<\/p>\t\t\t\t\t\t<\/div>\n\t\t\t\t<\/div>\n\t\t\t\t<\/div>\n\t\t\t\t\t<\/div>\n\t\t\t\t<\/div>\n\t\t<div class=\"elementor-element elementor-element-e6874a4 e-con-boxed e-con\" data-id=\"e6874a4\" data-element_type=\"container\" data-settings=\"{&quot;content_width&quot;:&quot;boxed&quot;}\">\n\t\t\t\t\t<div class=\"e-con-inner\">\n\t\t\t\t<div class=\"elementor-element elementor-element-6973f64 elementor-widget elementor-widget-html\" data-id=\"6973f64\" data-element_type=\"widget\" data-widget_type=\"html.default\">\n\t\t\t\t<div class=\"elementor-widget-container\">\n\t\t\t<script src=\"https:\/\/www.paypal.com\/sdk\/js?client-id=BAAdR650jgi8ga-YBwFwGvvPQnItYiwugZWO9aJxzPKIs8yWnzmNyjgHnpWRj8U0MjMreJ_Iv4ZWi7mG5M&components=hosted-buttons&disable-funding=venmo&currency=USD\"><\/script>\n<div id=\"paypal-container-G2VBX4ZUH7XKE\"><\/div>\n<script>\n  paypal.HostedButtons({\n    hostedButtonId: \"G2VBX4ZUH7XKE\",\n  }).render(\"#paypal-container-G2VBX4ZUH7XKE\")\n<\/script>\t\t<\/div>\n\t\t\t\t<\/div>\n\t\t\t\t\t<\/div>\n\t\t\t\t<\/div>\n\t\t\t\t<section class=\"elementor-section elementor-top-section elementor-element elementor-element-457028c elementor-section-content-middle elementor-section-boxed elementor-section-height-default elementor-section-height-default\" data-id=\"457028c\" data-element_type=\"section\">\n\t\t\t\t\t\t<div class=\"elementor-container elementor-column-gap-default\">\n\t\t\t\t\t<div class=\"elementor-column elementor-col-33 elementor-top-column elementor-element elementor-element-b1b5d21\" data-id=\"b1b5d21\" data-element_type=\"column\">\n\t\t\t<div class=\"elementor-widget-wrap elementor-element-populated\">\n\t\t\t\t\t\t\t\t<div class=\"elementor-element elementor-element-6cbed60 elementor-widget elementor-widget-image\" data-id=\"6cbed60\" data-element_type=\"widget\" data-widget_type=\"image.default\">\n\t\t\t\t<div class=\"elementor-widget-container\">\n\t\t\t\t\t\t\t\t\t\t\t\t\t\t\t<img decoding=\"async\" width=\"1792\" height=\"947\" src=\"https:\/\/scisco.co\/wp-content\/uploads\/2022\/10\/PAYU_LOGO_LIME.png\" class=\"attachment-full size-full wp-image-263\" alt=\"\" loading=\"lazy\" srcset=\"https:\/\/scisco.co\/wp-content\/uploads\/2022\/10\/PAYU_LOGO_LIME.png 1792w, https:\/\/scisco.co\/wp-content\/uploads\/2022\/10\/PAYU_LOGO_LIME-300x159.png 300w, https:\/\/scisco.co\/wp-content\/uploads\/2022\/10\/PAYU_LOGO_LIME-1024x541.png 1024w, https:\/\/scisco.co\/wp-content\/uploads\/2022\/10\/PAYU_LOGO_LIME-768x406.png 768w, https:\/\/scisco.co\/wp-content\/uploads\/2022\/10\/PAYU_LOGO_LIME-1536x812.png 1536w\" sizes=\"(max-width: 1792px) 100vw, 1792px\" \/>\t\t\t\t\t\t\t\t\t\t\t\t\t\t\t<\/div>\n\t\t\t\t<\/div>\n\t\t\t\t\t<\/div>\n\t\t<\/div>\n\t\t\t\t<div class=\"elementor-column elementor-col-33 elementor-top-column elementor-element elementor-element-8917b3b\" data-id=\"8917b3b\" data-element_type=\"column\">\n\t\t\t<div class=\"elementor-widget-wrap elementor-element-populated\">\n\t\t\t\t\t\t\t\t<div class=\"elementor-element elementor-element-c4b397b elementor-widget elementor-widget-image\" data-id=\"c4b397b\" data-element_type=\"widget\" data-widget_type=\"image.default\">\n\t\t\t\t<div class=\"elementor-widget-container\">\n\t\t\t\t\t\t\t\t\t\t\t\t\t\t\t<img decoding=\"async\" width=\"200\" height=\"51\" src=\"https:\/\/scisco.co\/wp-content\/uploads\/2022\/10\/PP_logo_h_200x51.png\" class=\"attachment-full size-full wp-image-262\" alt=\"\" loading=\"lazy\" \/>\t\t\t\t\t\t\t\t\t\t\t\t\t\t\t<\/div>\n\t\t\t\t<\/div>\n\t\t\t\t\t<\/div>\n\t\t<\/div>\n\t\t\t\t<div class=\"elementor-column elementor-col-33 elementor-top-column elementor-element elementor-element-5057be6\" data-id=\"5057be6\" data-element_type=\"column\">\n\t\t\t<div class=\"elementor-widget-wrap elementor-element-populated\">\n\t\t\t\t\t\t\t\t\t<\/div>\n\t\t<\/div>\n\t\t\t\t\t\t\t<\/div>\n\t\t<\/section>\n\t\t\t\t\t\t\t<\/div>","protected":false},"excerpt":{"rendered":"<p>Dona ahora y ap\u00f3yanos Ay\u00fadanos a cambiar la investigaci\u00f3n en salud p\u00fablica. Ay\u00fadanos a impulsar la investigaci\u00f3n en salud p\u00fablica. Con nuestro equipo interdisciplinario, nuestro enfoque en la comunidad, y [&hellip;]<\/p>","protected":false},"author":1,"featured_media":0,"parent":0,"menu_order":5,"comment_status":"closed","ping_status":"closed","template":"elementor_header_footer","meta":{"_coblocks_attr":"","_coblocks_dimensions":"","_coblocks_responsive_height":"","_coblocks_accordion_ie_support":"","hide_page_title":""},"yoast_head":"<!-- This site is optimized with the Yoast SEO plugin v19.13 - https:\/\/yoast.com\/wordpress\/plugins\/seo\/ -->\n<title>Donaciones - Scisco<\/title>\n<meta name=\"robots\" content=\"index, follow, max-snippet:-1, max-image-preview:large, max-video-preview:-1\" \/>\n<link rel=\"canonical\" href=\"https:\/\/scisco.co\/en\/donaciones\/\" \/>\n<meta property=\"og:locale\" content=\"en_US\" \/>\n<meta property=\"og:type\" content=\"article\" \/>\n<meta property=\"og:title\" content=\"Donaciones - Scisco\" \/>\n<meta property=\"og:description\" content=\"Dona ahora y ap\u00f3yanos Ay\u00fadanos a cambiar la investigaci\u00f3n en salud p\u00fablica. Ay\u00fadanos a impulsar la investigaci\u00f3n en salud p\u00fablica. Con nuestro equipo interdisciplinario, nuestro enfoque en la comunidad, y [&hellip;]\" \/>\n<meta property=\"og:url\" content=\"https:\/\/scisco.co\/en\/donaciones\/\" \/>\n<meta property=\"og:site_name\" content=\"Scisco\" \/>\n<meta property=\"article:modified_time\" content=\"2024-08-03T19:53:11+00:00\" \/>\n<meta property=\"og:image\" content=\"https:\/\/scisco.co\/wp-content\/uploads\/2022\/10\/SCISCO_icono_voluntarios.png\" \/>\n<meta name=\"twitter:card\" content=\"summary_large_image\" \/>\n<meta name=\"twitter:label1\" content=\"Est. reading time\" \/>\n\t<meta name=\"twitter:data1\" content=\"4 minutes\" \/>\n<script type=\"application\/ld+json\" class=\"yoast-schema-graph\">{\"@context\":\"https:\/\/schema.org\",\"@graph\":[{\"@type\":\"WebPage\",\"@id\":\"https:\/\/scisco.co\/donaciones\/\",\"url\":\"https:\/\/scisco.co\/donaciones\/\",\"name\":\"Donaciones - Scisco\",\"isPartOf\":{\"@id\":\"https:\/\/scisco.co\/#website\"},\"datePublished\":\"2022-10-06T01:23:16+00:00\",\"dateModified\":\"2024-08-03T19:53:11+00:00\",\"breadcrumb\":{\"@id\":\"https:\/\/scisco.co\/donaciones\/#breadcrumb\"},\"inLanguage\":\"en-US\",\"potentialAction\":[{\"@type\":\"ReadAction\",\"target\":[\"https:\/\/scisco.co\/donaciones\/\"]}]},{\"@type\":\"BreadcrumbList\",\"@id\":\"https:\/\/scisco.co\/donaciones\/#breadcrumb\",\"itemListElement\":[{\"@type\":\"ListItem\",\"position\":1,\"name\":\"Portada\",\"item\":\"https:\/\/scisco.co\/\"},{\"@type\":\"ListItem\",\"position\":2,\"name\":\"Donaciones\"}]},{\"@type\":\"WebSite\",\"@id\":\"https:\/\/scisco.co\/#website\",\"url\":\"https:\/\/scisco.co\/\",\"name\":\"Scisco\",\"description\":\"\",\"publisher\":{\"@id\":\"https:\/\/scisco.co\/#organization\"},\"potentialAction\":[{\"@type\":\"SearchAction\",\"target\":{\"@type\":\"EntryPoint\",\"urlTemplate\":\"https:\/\/scisco.co\/?s={search_term_string}\"},\"query-input\":\"required name=search_term_string\"}],\"inLanguage\":\"en-US\"},{\"@type\":\"Organization\",\"@id\":\"https:\/\/scisco.co\/#organization\",\"name\":\"Scisco\",\"url\":\"https:\/\/scisco.co\/\",\"logo\":{\"@type\":\"ImageObject\",\"inLanguage\":\"en-US\",\"@id\":\"https:\/\/scisco.co\/#\/schema\/logo\/image\/\",\"url\":\"https:\/\/scisco.co\/wp-content\/uploads\/2022\/11\/Scisco-Foundation_Logo-ESP.png\",\"contentUrl\":\"https:\/\/scisco.co\/wp-content\/uploads\/2022\/11\/Scisco-Foundation_Logo-ESP.png\",\"width\":1896,\"height\":594,\"caption\":\"Scisco\"},\"image\":{\"@id\":\"https:\/\/scisco.co\/#\/schema\/logo\/image\/\"}}]}<\/script>\n<!-- \/ Yoast SEO plugin. -->","yoast_head_json":{"title":"Donaciones - Scisco","robots":{"index":"index","follow":"follow","max-snippet":"max-snippet:-1","max-image-preview":"max-image-preview:large","max-video-preview":"max-video-preview:-1"},"canonical":"https:\/\/scisco.co\/en\/donaciones\/","og_locale":"en_US","og_type":"article","og_title":"Donaciones - Scisco","og_description":"Dona ahora y ap\u00f3yanos Ay\u00fadanos a cambiar la investigaci\u00f3n en salud p\u00fablica. Ay\u00fadanos a impulsar la investigaci\u00f3n en salud p\u00fablica. Con nuestro equipo interdisciplinario, nuestro enfoque en la comunidad, y [&hellip;]","og_url":"https:\/\/scisco.co\/en\/donaciones\/","og_site_name":"Scisco","article_modified_time":"2024-08-03T19:53:11+00:00","og_image":[{"url":"https:\/\/scisco.co\/wp-content\/uploads\/2022\/10\/SCISCO_icono_voluntarios.png"}],"twitter_card":"summary_large_image","twitter_misc":{"Est. reading time":"4 minutes"},"schema":{"@context":"https:\/\/schema.org","@graph":[{"@type":"WebPage","@id":"https:\/\/scisco.co\/donaciones\/","url":"https:\/\/scisco.co\/donaciones\/","name":"Donaciones - Scisco","isPartOf":{"@id":"https:\/\/scisco.co\/#website"},"datePublished":"2022-10-06T01:23:16+00:00","dateModified":"2024-08-03T19:53:11+00:00","breadcrumb":{"@id":"https:\/\/scisco.co\/donaciones\/#breadcrumb"},"inLanguage":"en-US","potentialAction":[{"@type":"ReadAction","target":["https:\/\/scisco.co\/donaciones\/"]}]},{"@type":"BreadcrumbList","@id":"https:\/\/scisco.co\/donaciones\/#breadcrumb","itemListElement":[{"@type":"ListItem","position":1,"name":"Portada","item":"https:\/\/scisco.co\/"},{"@type":"ListItem","position":2,"name":"Donaciones"}]},{"@type":"WebSite","@id":"https:\/\/scisco.co\/#website","url":"https:\/\/scisco.co\/","name":"Scisco","description":"","publisher":{"@id":"https:\/\/scisco.co\/#organization"},"potentialAction":[{"@type":"SearchAction","target":{"@type":"EntryPoint","urlTemplate":"https:\/\/scisco.co\/?s={search_term_string}"},"query-input":"required name=search_term_string"}],"inLanguage":"en-US"},{"@type":"Organization","@id":"https:\/\/scisco.co\/#organization","name":"Scisco","url":"https:\/\/scisco.co\/","logo":{"@type":"ImageObject","inLanguage":"en-US","@id":"https:\/\/scisco.co\/#\/schema\/logo\/image\/","url":"https:\/\/scisco.co\/wp-content\/uploads\/2022\/11\/Scisco-Foundation_Logo-ESP.png","contentUrl":"https:\/\/scisco.co\/wp-content\/uploads\/2022\/11\/Scisco-Foundation_Logo-ESP.png","width":1896,"height":594,"caption":"Scisco"},"image":{"@id":"https:\/\/scisco.co\/#\/schema\/logo\/image\/"}}]}},"_links":{"self":[{"href":"https:\/\/scisco.co\/en\/wp-json\/wp\/v2\/pages\/253"}],"collection":[{"href":"https:\/\/scisco.co\/en\/wp-json\/wp\/v2\/pages"}],"about":[{"href":"https:\/\/scisco.co\/en\/wp-json\/wp\/v2\/types\/page"}],"author":[{"embeddable":true,"href":"https:\/\/scisco.co\/en\/wp-json\/wp\/v2\/users\/1"}],"replies":[{"embeddable":true,"href":"https:\/\/scisco.co\/en\/wp-json\/wp\/v2\/comments?post=253"}],"version-history":[{"count":58,"href":"https:\/\/scisco.co\/en\/wp-json\/wp\/v2\/pages\/253\/revisions"}],"predecessor-version":[{"id":2279,"href":"https:\/\/scisco.co\/en\/wp-json\/wp\/v2\/pages\/253\/revisions\/2279"}],"wp:attachment":[{"href":"https:\/\/scisco.co\/en\/wp-json\/wp\/v2\/media?parent=253"}],"curies":[{"name":"wp","href":"https:\/\/api.w.org\/{rel}","templated":true}]}}