{"id":2212,"date":"2024-03-19T17:58:46","date_gmt":"2024-03-19T17:58:46","guid":{"rendered":"https:\/\/scisco.co\/?page_id=2212"},"modified":"2024-03-19T18:18:16","modified_gmt":"2024-03-19T18:18:16","slug":"acerca-de-2","status":"publish","type":"page","link":"https:\/\/scisco.co\/en\/acerca-de-2\/","title":{"rendered":"Actividades con Aliados"},"content":{"rendered":"<div data-elementor-type=\"wp-page\" data-elementor-id=\"2212\" class=\"elementor elementor-2212\">\n\t\t\t\t\t\t\t\t\t<section class=\"elementor-section elementor-top-section elementor-element elementor-element-68a9a30 elementor-section-boxed elementor-section-height-default elementor-section-height-default\" data-id=\"68a9a30\" data-element_type=\"section\">\n\t\t\t\t\t\t<div class=\"elementor-container elementor-column-gap-default\">\n\t\t\t\t\t<div class=\"elementor-column elementor-col-100 elementor-top-column elementor-element elementor-element-4578ae7e\" data-id=\"4578ae7e\" data-element_type=\"column\">\n\t\t\t<div class=\"elementor-widget-wrap elementor-element-populated\">\n\t\t\t\t\t\t\t\t<div class=\"elementor-element elementor-element-3a22bb8 elementor-widget elementor-widget-text-editor\" data-id=\"3a22bb8\" data-element_type=\"widget\" data-widget_type=\"text-editor.default\">\n\t\t\t\t<div class=\"elementor-widget-container\">\n\t\t\t<style>\/*! elementor - v3.9.2 - 21-12-2022 *\/\n.elementor-widget-text-editor.elementor-drop-cap-view-stacked .elementor-drop-cap{background-color:#818a91;color:#fff}.elementor-widget-text-editor.elementor-drop-cap-view-framed .elementor-drop-cap{color:#818a91;border:3px solid;background-color:transparent}.elementor-widget-text-editor:not(.elementor-drop-cap-view-default) .elementor-drop-cap{margin-top:8px}.elementor-widget-text-editor:not(.elementor-drop-cap-view-default) .elementor-drop-cap-letter{width:1em;height:1em}.elementor-widget-text-editor .elementor-drop-cap{float:left;text-align:center;line-height:1;font-size:50px}.elementor-widget-text-editor .elementor-drop-cap-letter{display:inline-block}<\/style>\t\t\t\t<p><!-- wp:heading {\"textAlign\":\"center\"} --><\/p>\n<h2 style=\"text-align: center;\"><span style=\"letter-spacing: var( --e-global-typography-text-letter-spacing ); color: #008000;\">Actividades con Aliados<\/span><\/h2>\n<h2><span style=\"font-size: var(--go--font-size); color: var( --e-global-color-text ); font-family: var( --e-global-typography-text-font-family ), Sans-serif; font-weight: var( --e-global-typography-text-font-weight ); letter-spacing: var( --e-global-typography-text-letter-spacing );\">\u00a0<\/span><\/h2>\n<h2><span style=\"color: #606060; font-family: DM Sans, sans-serif;\"><span style=\"font-size: 17.6px; font-weight: 500;\">\u00a1Descubre c\u00f3mo nuestra alianza con diversas organizaciones estudiantiles de medicina e investigaci\u00f3n est\u00e1 transformando la comunidad y el \u00e1mbito de la investigaci\u00f3n!\u00a0<\/span><\/span><\/h2>\n<h2><span style=\"color: #606060; font-family: DM Sans, sans-serif;\"><span style=\"font-size: 17.6px; font-weight: 500;\">En colaboraci\u00f3n con estos grupos comprometidos, estamos impulsando proyectos de investigaci\u00f3n innovadores y brigadas de salud que no solo benefician a la sociedad, sino que tambi\u00e9n contribuyen al avance del conocimiento en el campo de la medicina.\u00a0<\/span><\/span><\/h2>\n<h2><span style=\"font-size: 17.6px; font-weight: 500; color: #606060; font-family: 'DM Sans', sans-serif; font-style: var(--go-heading--font-style,normal); letter-spacing: var(--go-heading--letter-spacing,normal);\">\u00danete a nosotros en este emocionante viaje hacia un futuro m\u00e1s saludable y m\u00e1s prometedor para todos.<\/span><\/h2>\n<div>\n<div>\n<p><!-- \/wp:paragraph --><\/p>\n<\/div>\n<p><!-- \/wp:column --><\/p>\n<\/div>\n<p><!-- \/wp:columns --><\/p>\t\t\t\t\t\t<\/div>\n\t\t\t\t<\/div>\n\t\t\t\t\t<\/div>\n\t\t<\/div>\n\t\t\t\t\t\t\t<\/div>\n\t\t<\/section>\n\t\t\t\t\t\t\t<\/div>","protected":false},"excerpt":{"rendered":"<p>Actividades con Aliados \u00a0 \u00a1Descubre c\u00f3mo nuestra alianza con diversas organizaciones estudiantiles de medicina e investigaci\u00f3n est\u00e1 transformando la comunidad y el \u00e1mbito de la investigaci\u00f3n!\u00a0 En colaboraci\u00f3n con estos [&hellip;]<\/p>","protected":false},"author":1,"featured_media":0,"parent":0,"menu_order":0,"comment_status":"closed","ping_status":"closed","template":"","meta":{"_coblocks_attr":"","_coblocks_dimensions":"","_coblocks_responsive_height":"","_coblocks_accordion_ie_support":"","hide_page_title":""},"yoast_head":"<!-- This site is optimized with the Yoast SEO plugin v19.13 - https:\/\/yoast.com\/wordpress\/plugins\/seo\/ -->\n<title>Actividades con Aliados - Scisco<\/title>\n<meta name=\"robots\" content=\"index, follow, max-snippet:-1, max-image-preview:large, max-video-preview:-1\" \/>\n<link rel=\"canonical\" href=\"https:\/\/scisco.co\/en\/acerca-de-2\/\" \/>\n<meta property=\"og:locale\" content=\"en_US\" \/>\n<meta property=\"og:type\" content=\"article\" \/>\n<meta property=\"og:title\" content=\"Actividades con Aliados - Scisco\" \/>\n<meta property=\"og:description\" content=\"Actividades con Aliados \u00a0 \u00a1Descubre c\u00f3mo nuestra alianza con diversas organizaciones estudiantiles de medicina e investigaci\u00f3n est\u00e1 transformando la comunidad y el \u00e1mbito de la investigaci\u00f3n!\u00a0 En colaboraci\u00f3n con estos [&hellip;]\" \/>\n<meta property=\"og:url\" content=\"https:\/\/scisco.co\/en\/acerca-de-2\/\" \/>\n<meta property=\"og:site_name\" content=\"Scisco\" \/>\n<meta property=\"article:modified_time\" content=\"2024-03-19T18:18:16+00:00\" \/>\n<meta name=\"twitter:card\" content=\"summary_large_image\" \/>\n<meta name=\"twitter:label1\" content=\"Est. reading time\" \/>\n\t<meta name=\"twitter:data1\" content=\"1 minute\" \/>\n<script type=\"application\/ld+json\" class=\"yoast-schema-graph\">{\"@context\":\"https:\/\/schema.org\",\"@graph\":[{\"@type\":\"WebPage\",\"@id\":\"https:\/\/scisco.co\/acerca-de-2\/\",\"url\":\"https:\/\/scisco.co\/acerca-de-2\/\",\"name\":\"Actividades con Aliados - Scisco\",\"isPartOf\":{\"@id\":\"https:\/\/scisco.co\/#website\"},\"datePublished\":\"2024-03-19T17:58:46+00:00\",\"dateModified\":\"2024-03-19T18:18:16+00:00\",\"breadcrumb\":{\"@id\":\"https:\/\/scisco.co\/acerca-de-2\/#breadcrumb\"},\"inLanguage\":\"en-US\",\"potentialAction\":[{\"@type\":\"ReadAction\",\"target\":[\"https:\/\/scisco.co\/acerca-de-2\/\"]}]},{\"@type\":\"BreadcrumbList\",\"@id\":\"https:\/\/scisco.co\/acerca-de-2\/#breadcrumb\",\"itemListElement\":[{\"@type\":\"ListItem\",\"position\":1,\"name\":\"Portada\",\"item\":\"https:\/\/scisco.co\/\"},{\"@type\":\"ListItem\",\"position\":2,\"name\":\"Actividades con Aliados\"}]},{\"@type\":\"WebSite\",\"@id\":\"https:\/\/scisco.co\/#website\",\"url\":\"https:\/\/scisco.co\/\",\"name\":\"Scisco\",\"description\":\"\",\"publisher\":{\"@id\":\"https:\/\/scisco.co\/#organization\"},\"potentialAction\":[{\"@type\":\"SearchAction\",\"target\":{\"@type\":\"EntryPoint\",\"urlTemplate\":\"https:\/\/scisco.co\/?s={search_term_string}\"},\"query-input\":\"required name=search_term_string\"}],\"inLanguage\":\"en-US\"},{\"@type\":\"Organization\",\"@id\":\"https:\/\/scisco.co\/#organization\",\"name\":\"Scisco\",\"url\":\"https:\/\/scisco.co\/\",\"logo\":{\"@type\":\"ImageObject\",\"inLanguage\":\"en-US\",\"@id\":\"https:\/\/scisco.co\/#\/schema\/logo\/image\/\",\"url\":\"https:\/\/scisco.co\/wp-content\/uploads\/2022\/11\/Scisco-Foundation_Logo-ESP.png\",\"contentUrl\":\"https:\/\/scisco.co\/wp-content\/uploads\/2022\/11\/Scisco-Foundation_Logo-ESP.png\",\"width\":1896,\"height\":594,\"caption\":\"Scisco\"},\"image\":{\"@id\":\"https:\/\/scisco.co\/#\/schema\/logo\/image\/\"}}]}<\/script>\n<!-- \/ Yoast SEO plugin. -->","yoast_head_json":{"title":"Actividades con Aliados - Scisco","robots":{"index":"index","follow":"follow","max-snippet":"max-snippet:-1","max-image-preview":"max-image-preview:large","max-video-preview":"max-video-preview:-1"},"canonical":"https:\/\/scisco.co\/en\/acerca-de-2\/","og_locale":"en_US","og_type":"article","og_title":"Actividades con Aliados - Scisco","og_description":"Actividades con Aliados \u00a0 \u00a1Descubre c\u00f3mo nuestra alianza con diversas organizaciones estudiantiles de medicina e investigaci\u00f3n est\u00e1 transformando la comunidad y el \u00e1mbito de la investigaci\u00f3n!\u00a0 En colaboraci\u00f3n con estos [&hellip;]","og_url":"https:\/\/scisco.co\/en\/acerca-de-2\/","og_site_name":"Scisco","article_modified_time":"2024-03-19T18:18:16+00:00","twitter_card":"summary_large_image","twitter_misc":{"Est. reading time":"1 minute"},"schema":{"@context":"https:\/\/schema.org","@graph":[{"@type":"WebPage","@id":"https:\/\/scisco.co\/acerca-de-2\/","url":"https:\/\/scisco.co\/acerca-de-2\/","name":"Actividades con Aliados - Scisco","isPartOf":{"@id":"https:\/\/scisco.co\/#website"},"datePublished":"2024-03-19T17:58:46+00:00","dateModified":"2024-03-19T18:18:16+00:00","breadcrumb":{"@id":"https:\/\/scisco.co\/acerca-de-2\/#breadcrumb"},"inLanguage":"en-US","potentialAction":[{"@type":"ReadAction","target":["https:\/\/scisco.co\/acerca-de-2\/"]}]},{"@type":"BreadcrumbList","@id":"https:\/\/scisco.co\/acerca-de-2\/#breadcrumb","itemListElement":[{"@type":"ListItem","position":1,"name":"Portada","item":"https:\/\/scisco.co\/"},{"@type":"ListItem","position":2,"name":"Actividades con Aliados"}]},{"@type":"WebSite","@id":"https:\/\/scisco.co\/#website","url":"https:\/\/scisco.co\/","name":"Scisco","description":"","publisher":{"@id":"https:\/\/scisco.co\/#organization"},"potentialAction":[{"@type":"SearchAction","target":{"@type":"EntryPoint","urlTemplate":"https:\/\/scisco.co\/?s={search_term_string}"},"query-input":"required name=search_term_string"}],"inLanguage":"en-US"},{"@type":"Organization","@id":"https:\/\/scisco.co\/#organization","name":"Scisco","url":"https:\/\/scisco.co\/","logo":{"@type":"ImageObject","inLanguage":"en-US","@id":"https:\/\/scisco.co\/#\/schema\/logo\/image\/","url":"https:\/\/scisco.co\/wp-content\/uploads\/2022\/11\/Scisco-Foundation_Logo-ESP.png","contentUrl":"https:\/\/scisco.co\/wp-content\/uploads\/2022\/11\/Scisco-Foundation_Logo-ESP.png","width":1896,"height":594,"caption":"Scisco"},"image":{"@id":"https:\/\/scisco.co\/#\/schema\/logo\/image\/"}}]}},"_links":{"self":[{"href":"https:\/\/scisco.co\/en\/wp-json\/wp\/v2\/pages\/2212"}],"collection":[{"href":"https:\/\/scisco.co\/en\/wp-json\/wp\/v2\/pages"}],"about":[{"href":"https:\/\/scisco.co\/en\/wp-json\/wp\/v2\/types\/page"}],"author":[{"embeddable":true,"href":"https:\/\/scisco.co\/en\/wp-json\/wp\/v2\/users\/1"}],"replies":[{"embeddable":true,"href":"https:\/\/scisco.co\/en\/wp-json\/wp\/v2\/comments?post=2212"}],"version-history":[{"count":11,"href":"https:\/\/scisco.co\/en\/wp-json\/wp\/v2\/pages\/2212\/revisions"}],"predecessor-version":[{"id":2227,"href":"https:\/\/scisco.co\/en\/wp-json\/wp\/v2\/pages\/2212\/revisions\/2227"}],"wp:attachment":[{"href":"https:\/\/scisco.co\/en\/wp-json\/wp\/v2\/media?parent=2212"}],"curies":[{"name":"wp","href":"https:\/\/api.w.org\/{rel}","templated":true}]}}