{"id":2111,"date":"2023-10-21T14:04:38","date_gmt":"2023-10-21T14:04:38","guid":{"rendered":"https:\/\/www.scisco.co\/?page_id=2111"},"modified":"2023-10-21T14:07:28","modified_gmt":"2023-10-21T14:07:28","slug":"galeria","status":"publish","type":"page","link":"https:\/\/scisco.co\/en\/galeria\/","title":{"rendered":"Galer\u00eda"},"content":{"rendered":"<div data-elementor-type=\"wp-page\" data-elementor-id=\"2111\" class=\"elementor elementor-2111\">\n\t\t\t\t\t\t\t\t\t<section class=\"elementor-section elementor-top-section elementor-element elementor-element-1ed7ebac elementor-section-boxed elementor-section-height-default elementor-section-height-default\" data-id=\"1ed7ebac\" data-element_type=\"section\">\n\t\t\t\t\t\t<div class=\"elementor-container elementor-column-gap-default\">\n\t\t\t\t\t<div class=\"elementor-column elementor-col-100 elementor-top-column elementor-element elementor-element-7fa7fe11\" data-id=\"7fa7fe11\" data-element_type=\"column\">\n\t\t\t<div class=\"elementor-widget-wrap elementor-element-populated\">\n\t\t\t\t\t\t\t\t<div class=\"elementor-element elementor-element-7a1a470 elementor-widget elementor-widget-heading\" data-id=\"7a1a470\" data-element_type=\"widget\" data-widget_type=\"heading.default\">\n\t\t\t\t<div class=\"elementor-widget-container\">\n\t\t\t<style>\/*! elementor - v3.9.2 - 21-12-2022 *\/\n.elementor-heading-title{padding:0;margin:0;line-height:1}.elementor-widget-heading .elementor-heading-title[class*=elementor-size-]>a{color:inherit;font-size:inherit;line-height:inherit}.elementor-widget-heading .elementor-heading-title.elementor-size-small{font-size:15px}.elementor-widget-heading .elementor-heading-title.elementor-size-medium{font-size:19px}.elementor-widget-heading .elementor-heading-title.elementor-size-large{font-size:29px}.elementor-widget-heading .elementor-heading-title.elementor-size-xl{font-size:39px}.elementor-widget-heading .elementor-heading-title.elementor-size-xxl{font-size:59px}<\/style><h2 class=\"elementor-heading-title elementor-size-default\">Pueblo Rico<\/h2>\t\t<\/div>\n\t\t\t\t<\/div>\n\t\t\t\t<div class=\"elementor-element elementor-element-5089251d elementor-widget elementor-widget-text-editor\" data-id=\"5089251d\" data-element_type=\"widget\" data-widget_type=\"text-editor.default\">\n\t\t\t\t<div class=\"elementor-widget-container\">\n\t\t\t<style>\/*! elementor - v3.9.2 - 21-12-2022 *\/\n.elementor-widget-text-editor.elementor-drop-cap-view-stacked .elementor-drop-cap{background-color:#818a91;color:#fff}.elementor-widget-text-editor.elementor-drop-cap-view-framed .elementor-drop-cap{color:#818a91;border:3px solid;background-color:transparent}.elementor-widget-text-editor:not(.elementor-drop-cap-view-default) .elementor-drop-cap{margin-top:8px}.elementor-widget-text-editor:not(.elementor-drop-cap-view-default) .elementor-drop-cap-letter{width:1em;height:1em}.elementor-widget-text-editor .elementor-drop-cap{float:left;text-align:center;line-height:1;font-size:50px}.elementor-widget-text-editor .elementor-drop-cap-letter{display:inline-block}<\/style>\t\t\t\t<p><!-- wp:columns {\"align\":\"wide\"} --><\/p>\n<div>\n<div style=\"flex-basis: 60%;\">\n<p><!-- \/wp:heading --><\/p>\n<p><!-- wp:paragraph {\"align\":\"center\"} --><\/p>\n<p>Realizamos unas jornadas en Pueblo Rico-Risaralda, donde conocimos a la comunidad y estuvimos haciendo ex\u00e1menes visuales a la poblaci\u00f3n. Fue una experiencia muy significativa e importante ya que estamos llegando a poblaciones y comunidades apartadas.<\/p>\n<p><span style=\"color: var( --e-global-color-text ); font-family: var( --e-global-typography-text-font-family ), Sans-serif; font-size: 17.6px; font-weight: var( --e-global-typography-text-font-weight ); letter-spacing: var( --e-global-typography-text-letter-spacing );\">Esto lo estamos realizando en compa\u00f1\u00eda de las diferentes organizaciones de estudiantes de medicina del pa\u00eds y es importante seguir sumando a estas propuestas.<\/span><\/p>\n<\/div>\n<\/div>\n<p><!-- \/wp:image --><\/p>\t\t\t\t\t\t<\/div>\n\t\t\t\t<\/div>\n\t\t\t\t\t<\/div>\n\t\t<\/div>\n\t\t\t\t\t\t\t<\/div>\n\t\t<\/section>\n\t\t<div class=\"elementor-element elementor-element-6584c6d e-con-boxed e-con\" data-id=\"6584c6d\" data-element_type=\"container\" data-settings=\"{&quot;content_width&quot;:&quot;boxed&quot;}\">\n\t\t\t\t\t<div class=\"e-con-inner\">\n\t\t<div class=\"elementor-element elementor-element-f592cc9 e-con-full e-con\" data-id=\"f592cc9\" data-element_type=\"container\" data-settings=\"{&quot;content_width&quot;:&quot;full&quot;}\">\n\t\t\t\t<div class=\"elementor-element elementor-element-395c2fa elementor-widget elementor-widget-image\" data-id=\"395c2fa\" data-element_type=\"widget\" data-widget_type=\"image.default\">\n\t\t\t\t<div class=\"elementor-widget-container\">\n\t\t\t<style>\/*! elementor - v3.9.2 - 21-12-2022 *\/\n.elementor-widget-image{text-align:center}.elementor-widget-image a{display:inline-block}.elementor-widget-image a img[src$=\".svg\"]{width:48px}.elementor-widget-image img{vertical-align:middle;display:inline-block}<\/style>\t\t\t\t\t\t\t\t\t\t\t\t<img decoding=\"async\" width=\"660\" height=\"297\" src=\"https:\/\/scisco.co\/wp-content\/uploads\/2023\/10\/WhatsApp-Image-2023-10-21-at-9.02.01-AM-1024x461.jpeg\" class=\"attachment-large size-large wp-image-2118\" alt=\"\" loading=\"lazy\" srcset=\"https:\/\/scisco.co\/wp-content\/uploads\/2023\/10\/WhatsApp-Image-2023-10-21-at-9.02.01-AM-1024x461.jpeg 1024w, https:\/\/scisco.co\/wp-content\/uploads\/2023\/10\/WhatsApp-Image-2023-10-21-at-9.02.01-AM-300x135.jpeg 300w, https:\/\/scisco.co\/wp-content\/uploads\/2023\/10\/WhatsApp-Image-2023-10-21-at-9.02.01-AM-768x346.jpeg 768w, https:\/\/scisco.co\/wp-content\/uploads\/2023\/10\/WhatsApp-Image-2023-10-21-at-9.02.01-AM-1536x691.jpeg 1536w, https:\/\/scisco.co\/wp-content\/uploads\/2023\/10\/WhatsApp-Image-2023-10-21-at-9.02.01-AM-18x8.jpeg 18w, https:\/\/scisco.co\/wp-content\/uploads\/2023\/10\/WhatsApp-Image-2023-10-21-at-9.02.01-AM.jpeg 1600w\" sizes=\"(max-width: 660px) 100vw, 660px\" \/>\t\t\t\t\t\t\t\t\t\t\t\t\t\t\t<\/div>\n\t\t\t\t<\/div>\n\t\t\t\t<\/div>\n\t\t<div class=\"elementor-element elementor-element-ab84847 e-con-full e-con\" data-id=\"ab84847\" data-element_type=\"container\" data-settings=\"{&quot;content_width&quot;:&quot;full&quot;}\">\n\t\t\t\t<div class=\"elementor-element elementor-element-3ac57ad elementor-widget elementor-widget-image\" data-id=\"3ac57ad\" data-element_type=\"widget\" data-widget_type=\"image.default\">\n\t\t\t\t<div class=\"elementor-widget-container\">\n\t\t\t\t\t\t\t\t\t\t\t\t\t\t\t<img decoding=\"async\" width=\"660\" height=\"297\" src=\"https:\/\/scisco.co\/wp-content\/uploads\/2023\/10\/WhatsApp-Image-2023-10-21-at-9.02.03-AM-1024x461.jpeg\" class=\"attachment-large size-large wp-image-2117\" alt=\"\" loading=\"lazy\" srcset=\"https:\/\/scisco.co\/wp-content\/uploads\/2023\/10\/WhatsApp-Image-2023-10-21-at-9.02.03-AM-1024x461.jpeg 1024w, https:\/\/scisco.co\/wp-content\/uploads\/2023\/10\/WhatsApp-Image-2023-10-21-at-9.02.03-AM-300x135.jpeg 300w, https:\/\/scisco.co\/wp-content\/uploads\/2023\/10\/WhatsApp-Image-2023-10-21-at-9.02.03-AM-768x346.jpeg 768w, https:\/\/scisco.co\/wp-content\/uploads\/2023\/10\/WhatsApp-Image-2023-10-21-at-9.02.03-AM-1536x691.jpeg 1536w, https:\/\/scisco.co\/wp-content\/uploads\/2023\/10\/WhatsApp-Image-2023-10-21-at-9.02.03-AM-18x8.jpeg 18w, https:\/\/scisco.co\/wp-content\/uploads\/2023\/10\/WhatsApp-Image-2023-10-21-at-9.02.03-AM.jpeg 1600w\" sizes=\"(max-width: 660px) 100vw, 660px\" \/>\t\t\t\t\t\t\t\t\t\t\t\t\t\t\t<\/div>\n\t\t\t\t<\/div>\n\t\t\t\t<\/div>\n\t\t<div class=\"elementor-element elementor-element-80d3b3b e-con-full e-con\" data-id=\"80d3b3b\" data-element_type=\"container\" data-settings=\"{&quot;content_width&quot;:&quot;full&quot;}\">\n\t\t\t\t<div class=\"elementor-element elementor-element-a6fdaab elementor-widget elementor-widget-image\" data-id=\"a6fdaab\" data-element_type=\"widget\" data-widget_type=\"image.default\">\n\t\t\t\t<div class=\"elementor-widget-container\">\n\t\t\t\t\t\t\t\t\t\t\t\t\t\t\t<img decoding=\"async\" width=\"660\" height=\"495\" src=\"https:\/\/scisco.co\/wp-content\/uploads\/2023\/10\/WhatsApp-Image-2023-10-21-at-9.02.06-AM-1024x768.jpeg\" class=\"attachment-large size-large wp-image-2114\" alt=\"\" loading=\"lazy\" srcset=\"https:\/\/scisco.co\/wp-content\/uploads\/2023\/10\/WhatsApp-Image-2023-10-21-at-9.02.06-AM-1024x768.jpeg 1024w, https:\/\/scisco.co\/wp-content\/uploads\/2023\/10\/WhatsApp-Image-2023-10-21-at-9.02.06-AM-300x225.jpeg 300w, https:\/\/scisco.co\/wp-content\/uploads\/2023\/10\/WhatsApp-Image-2023-10-21-at-9.02.06-AM-768x576.jpeg 768w, https:\/\/scisco.co\/wp-content\/uploads\/2023\/10\/WhatsApp-Image-2023-10-21-at-9.02.06-AM-16x12.jpeg 16w, https:\/\/scisco.co\/wp-content\/uploads\/2023\/10\/WhatsApp-Image-2023-10-21-at-9.02.06-AM.jpeg 1032w\" sizes=\"(max-width: 660px) 100vw, 660px\" \/>\t\t\t\t\t\t\t\t\t\t\t\t\t\t\t<\/div>\n\t\t\t\t<\/div>\n\t\t\t\t<\/div>\n\t\t<div class=\"elementor-element elementor-element-2bb8960 e-con-full e-con\" data-id=\"2bb8960\" data-element_type=\"container\" data-settings=\"{&quot;content_width&quot;:&quot;full&quot;}\">\n\t\t\t\t<div class=\"elementor-element elementor-element-e84c89a elementor-widget elementor-widget-image\" data-id=\"e84c89a\" data-element_type=\"widget\" data-widget_type=\"image.default\">\n\t\t\t\t<div class=\"elementor-widget-container\">\n\t\t\t\t\t\t\t\t\t\t\t\t\t\t\t<img decoding=\"async\" width=\"461\" height=\"1024\" src=\"https:\/\/scisco.co\/wp-content\/uploads\/2023\/10\/WhatsApp-Image-2023-10-21-at-9.02.02-AM-1-461x1024.jpeg\" class=\"attachment-large size-large wp-image-2121\" alt=\"\" loading=\"lazy\" srcset=\"https:\/\/scisco.co\/wp-content\/uploads\/2023\/10\/WhatsApp-Image-2023-10-21-at-9.02.02-AM-1-461x1024.jpeg 461w, https:\/\/scisco.co\/wp-content\/uploads\/2023\/10\/WhatsApp-Image-2023-10-21-at-9.02.02-AM-1-135x300.jpeg 135w, https:\/\/scisco.co\/wp-content\/uploads\/2023\/10\/WhatsApp-Image-2023-10-21-at-9.02.02-AM-1-5x12.jpeg 5w, https:\/\/scisco.co\/wp-content\/uploads\/2023\/10\/WhatsApp-Image-2023-10-21-at-9.02.02-AM-1.jpeg 576w\" sizes=\"(max-width: 461px) 100vw, 461px\" \/>\t\t\t\t\t\t\t\t\t\t\t\t\t\t\t<\/div>\n\t\t\t\t<\/div>\n\t\t\t\t<\/div>\n\t\t<div class=\"elementor-element elementor-element-b275423 e-con-full e-con\" data-id=\"b275423\" data-element_type=\"container\" data-settings=\"{&quot;content_width&quot;:&quot;full&quot;}\">\n\t\t\t\t<div class=\"elementor-element elementor-element-864717a elementor-widget elementor-widget-image\" data-id=\"864717a\" data-element_type=\"widget\" data-widget_type=\"image.default\">\n\t\t\t\t<div class=\"elementor-widget-container\">\n\t\t\t\t\t\t\t\t\t\t\t\t\t\t\t<img decoding=\"async\" width=\"660\" height=\"880\" src=\"https:\/\/scisco.co\/wp-content\/uploads\/2023\/10\/WhatsApp-Image-2023-10-21-at-9.02.06-AM-1-768x1024.jpeg\" class=\"attachment-large size-large wp-image-2115\" alt=\"Medico en comunidad haciendo examenes de agudeza visual\" loading=\"lazy\" srcset=\"https:\/\/scisco.co\/wp-content\/uploads\/2023\/10\/WhatsApp-Image-2023-10-21-at-9.02.06-AM-1-768x1024.jpeg 768w, https:\/\/scisco.co\/wp-content\/uploads\/2023\/10\/WhatsApp-Image-2023-10-21-at-9.02.06-AM-1-225x300.jpeg 225w, https:\/\/scisco.co\/wp-content\/uploads\/2023\/10\/WhatsApp-Image-2023-10-21-at-9.02.06-AM-1-1152x1536.jpeg 1152w, https:\/\/scisco.co\/wp-content\/uploads\/2023\/10\/WhatsApp-Image-2023-10-21-at-9.02.06-AM-1-9x12.jpeg 9w, https:\/\/scisco.co\/wp-content\/uploads\/2023\/10\/WhatsApp-Image-2023-10-21-at-9.02.06-AM-1.jpeg 1200w\" sizes=\"(max-width: 660px) 100vw, 660px\" \/>\t\t\t\t\t\t\t\t\t\t\t\t\t\t\t<\/div>\n\t\t\t\t<\/div>\n\t\t\t\t<\/div>\n\t\t<div class=\"elementor-element elementor-element-c88648a e-con-full e-con\" data-id=\"c88648a\" data-element_type=\"container\" data-settings=\"{&quot;content_width&quot;:&quot;full&quot;}\">\n\t\t\t\t<div class=\"elementor-element elementor-element-f864c1f elementor-widget elementor-widget-image\" data-id=\"f864c1f\" data-element_type=\"widget\" data-widget_type=\"image.default\">\n\t\t\t\t<div class=\"elementor-widget-container\">\n\t\t\t\t\t\t\t\t\t\t\t\t\t\t\t<img decoding=\"async\" width=\"660\" height=\"880\" src=\"https:\/\/scisco.co\/wp-content\/uploads\/2023\/10\/WhatsApp-Image-2023-10-21-at-9.02.05-AM-768x1024.jpeg\" class=\"attachment-large size-large wp-image-2116\" alt=\"\" loading=\"lazy\" srcset=\"https:\/\/scisco.co\/wp-content\/uploads\/2023\/10\/WhatsApp-Image-2023-10-21-at-9.02.05-AM-768x1024.jpeg 768w, https:\/\/scisco.co\/wp-content\/uploads\/2023\/10\/WhatsApp-Image-2023-10-21-at-9.02.05-AM-225x300.jpeg 225w, https:\/\/scisco.co\/wp-content\/uploads\/2023\/10\/WhatsApp-Image-2023-10-21-at-9.02.05-AM-1152x1536.jpeg 1152w, https:\/\/scisco.co\/wp-content\/uploads\/2023\/10\/WhatsApp-Image-2023-10-21-at-9.02.05-AM-9x12.jpeg 9w, https:\/\/scisco.co\/wp-content\/uploads\/2023\/10\/WhatsApp-Image-2023-10-21-at-9.02.05-AM.jpeg 1200w\" sizes=\"(max-width: 660px) 100vw, 660px\" \/>\t\t\t\t\t\t\t\t\t\t\t\t\t\t\t<\/div>\n\t\t\t\t<\/div>\n\t\t\t\t<\/div>\n\t\t\t\t\t<\/div>\n\t\t\t\t<\/div>\n\t\t\t\t\t\t\t<\/div>","protected":false},"excerpt":{"rendered":"<p>Pueblo Rico Realizamos unas jornadas en Pueblo Rico-Risaralda, donde conocimos a la comunidad y estuvimos haciendo ex\u00e1menes visuales a la poblaci\u00f3n. Fue una experiencia muy significativa e importante ya que [&hellip;]<\/p>","protected":false},"author":1,"featured_media":0,"parent":0,"menu_order":0,"comment_status":"closed","ping_status":"closed","template":"","meta":{"_coblocks_attr":"","_coblocks_dimensions":"","_coblocks_responsive_height":"","_coblocks_accordion_ie_support":"","hide_page_title":""},"yoast_head":"<!-- This site is optimized with the Yoast SEO plugin v19.13 - https:\/\/yoast.com\/wordpress\/plugins\/seo\/ -->\n<title>Galer\u00eda - Scisco<\/title>\n<meta name=\"robots\" content=\"index, follow, max-snippet:-1, max-image-preview:large, max-video-preview:-1\" \/>\n<link rel=\"canonical\" href=\"https:\/\/scisco.co\/en\/galeria\/\" \/>\n<meta property=\"og:locale\" content=\"en_US\" \/>\n<meta property=\"og:type\" content=\"article\" \/>\n<meta property=\"og:title\" content=\"Galer\u00eda - Scisco\" \/>\n<meta property=\"og:description\" content=\"Pueblo Rico Realizamos unas jornadas en Pueblo Rico-Risaralda, donde conocimos a la comunidad y estuvimos haciendo ex\u00e1menes visuales a la poblaci\u00f3n. Fue una experiencia muy significativa e importante ya que [&hellip;]\" \/>\n<meta property=\"og:url\" content=\"https:\/\/scisco.co\/en\/galeria\/\" \/>\n<meta property=\"og:site_name\" content=\"Scisco\" \/>\n<meta property=\"article:modified_time\" content=\"2023-10-21T14:07:28+00:00\" \/>\n<meta property=\"og:image\" content=\"https:\/\/scisco.co\/wp-content\/uploads\/2023\/10\/WhatsApp-Image-2023-10-21-at-9.02.01-AM-1024x461.jpeg\" \/>\n<meta name=\"twitter:card\" content=\"summary_large_image\" \/>\n<meta name=\"twitter:label1\" content=\"Est. reading time\" \/>\n\t<meta name=\"twitter:data1\" content=\"2 minutes\" \/>\n<script type=\"application\/ld+json\" class=\"yoast-schema-graph\">{\"@context\":\"https:\/\/schema.org\",\"@graph\":[{\"@type\":\"WebPage\",\"@id\":\"https:\/\/scisco.co\/galeria\/\",\"url\":\"https:\/\/scisco.co\/galeria\/\",\"name\":\"Galer\u00eda - Scisco\",\"isPartOf\":{\"@id\":\"https:\/\/scisco.co\/#website\"},\"datePublished\":\"2023-10-21T14:04:38+00:00\",\"dateModified\":\"2023-10-21T14:07:28+00:00\",\"breadcrumb\":{\"@id\":\"https:\/\/scisco.co\/galeria\/#breadcrumb\"},\"inLanguage\":\"en-US\",\"potentialAction\":[{\"@type\":\"ReadAction\",\"target\":[\"https:\/\/scisco.co\/galeria\/\"]}]},{\"@type\":\"BreadcrumbList\",\"@id\":\"https:\/\/scisco.co\/galeria\/#breadcrumb\",\"itemListElement\":[{\"@type\":\"ListItem\",\"position\":1,\"name\":\"Portada\",\"item\":\"https:\/\/scisco.co\/\"},{\"@type\":\"ListItem\",\"position\":2,\"name\":\"Galer\u00eda\"}]},{\"@type\":\"WebSite\",\"@id\":\"https:\/\/scisco.co\/#website\",\"url\":\"https:\/\/scisco.co\/\",\"name\":\"Scisco\",\"description\":\"\",\"publisher\":{\"@id\":\"https:\/\/scisco.co\/#organization\"},\"potentialAction\":[{\"@type\":\"SearchAction\",\"target\":{\"@type\":\"EntryPoint\",\"urlTemplate\":\"https:\/\/scisco.co\/?s={search_term_string}\"},\"query-input\":\"required name=search_term_string\"}],\"inLanguage\":\"en-US\"},{\"@type\":\"Organization\",\"@id\":\"https:\/\/scisco.co\/#organization\",\"name\":\"Scisco\",\"url\":\"https:\/\/scisco.co\/\",\"logo\":{\"@type\":\"ImageObject\",\"inLanguage\":\"en-US\",\"@id\":\"https:\/\/scisco.co\/#\/schema\/logo\/image\/\",\"url\":\"https:\/\/scisco.co\/wp-content\/uploads\/2022\/11\/Scisco-Foundation_Logo-ESP.png\",\"contentUrl\":\"https:\/\/scisco.co\/wp-content\/uploads\/2022\/11\/Scisco-Foundation_Logo-ESP.png\",\"width\":1896,\"height\":594,\"caption\":\"Scisco\"},\"image\":{\"@id\":\"https:\/\/scisco.co\/#\/schema\/logo\/image\/\"}}]}<\/script>\n<!-- \/ Yoast SEO plugin. -->","yoast_head_json":{"title":"Galer\u00eda - Scisco","robots":{"index":"index","follow":"follow","max-snippet":"max-snippet:-1","max-image-preview":"max-image-preview:large","max-video-preview":"max-video-preview:-1"},"canonical":"https:\/\/scisco.co\/en\/galeria\/","og_locale":"en_US","og_type":"article","og_title":"Galer\u00eda - Scisco","og_description":"Pueblo Rico Realizamos unas jornadas en Pueblo Rico-Risaralda, donde conocimos a la comunidad y estuvimos haciendo ex\u00e1menes visuales a la poblaci\u00f3n. Fue una experiencia muy significativa e importante ya que [&hellip;]","og_url":"https:\/\/scisco.co\/en\/galeria\/","og_site_name":"Scisco","article_modified_time":"2023-10-21T14:07:28+00:00","og_image":[{"url":"https:\/\/scisco.co\/wp-content\/uploads\/2023\/10\/WhatsApp-Image-2023-10-21-at-9.02.01-AM-1024x461.jpeg"}],"twitter_card":"summary_large_image","twitter_misc":{"Est. reading time":"2 minutes"},"schema":{"@context":"https:\/\/schema.org","@graph":[{"@type":"WebPage","@id":"https:\/\/scisco.co\/galeria\/","url":"https:\/\/scisco.co\/galeria\/","name":"Galer\u00eda - Scisco","isPartOf":{"@id":"https:\/\/scisco.co\/#website"},"datePublished":"2023-10-21T14:04:38+00:00","dateModified":"2023-10-21T14:07:28+00:00","breadcrumb":{"@id":"https:\/\/scisco.co\/galeria\/#breadcrumb"},"inLanguage":"en-US","potentialAction":[{"@type":"ReadAction","target":["https:\/\/scisco.co\/galeria\/"]}]},{"@type":"BreadcrumbList","@id":"https:\/\/scisco.co\/galeria\/#breadcrumb","itemListElement":[{"@type":"ListItem","position":1,"name":"Portada","item":"https:\/\/scisco.co\/"},{"@type":"ListItem","position":2,"name":"Galer\u00eda"}]},{"@type":"WebSite","@id":"https:\/\/scisco.co\/#website","url":"https:\/\/scisco.co\/","name":"Scisco","description":"","publisher":{"@id":"https:\/\/scisco.co\/#organization"},"potentialAction":[{"@type":"SearchAction","target":{"@type":"EntryPoint","urlTemplate":"https:\/\/scisco.co\/?s={search_term_string}"},"query-input":"required name=search_term_string"}],"inLanguage":"en-US"},{"@type":"Organization","@id":"https:\/\/scisco.co\/#organization","name":"Scisco","url":"https:\/\/scisco.co\/","logo":{"@type":"ImageObject","inLanguage":"en-US","@id":"https:\/\/scisco.co\/#\/schema\/logo\/image\/","url":"https:\/\/scisco.co\/wp-content\/uploads\/2022\/11\/Scisco-Foundation_Logo-ESP.png","contentUrl":"https:\/\/scisco.co\/wp-content\/uploads\/2022\/11\/Scisco-Foundation_Logo-ESP.png","width":1896,"height":594,"caption":"Scisco"},"image":{"@id":"https:\/\/scisco.co\/#\/schema\/logo\/image\/"}}]}},"_links":{"self":[{"href":"https:\/\/scisco.co\/en\/wp-json\/wp\/v2\/pages\/2111"}],"collection":[{"href":"https:\/\/scisco.co\/en\/wp-json\/wp\/v2\/pages"}],"about":[{"href":"https:\/\/scisco.co\/en\/wp-json\/wp\/v2\/types\/page"}],"author":[{"embeddable":true,"href":"https:\/\/scisco.co\/en\/wp-json\/wp\/v2\/users\/1"}],"replies":[{"embeddable":true,"href":"https:\/\/scisco.co\/en\/wp-json\/wp\/v2\/comments?post=2111"}],"version-history":[{"count":5,"href":"https:\/\/scisco.co\/en\/wp-json\/wp\/v2\/pages\/2111\/revisions"}],"predecessor-version":[{"id":2124,"href":"https:\/\/scisco.co\/en\/wp-json\/wp\/v2\/pages\/2111\/revisions\/2124"}],"wp:attachment":[{"href":"https:\/\/scisco.co\/en\/wp-json\/wp\/v2\/media?parent=2111"}],"curies":[{"name":"wp","href":"https:\/\/api.w.org\/{rel}","templated":true}]}}