{"id":1949,"date":"2023-06-21T06:51:47","date_gmt":"2023-06-21T06:51:47","guid":{"rendered":"https:\/\/www.scisco.co\/?page_id=1949"},"modified":"2023-10-23T01:16:46","modified_gmt":"2023-10-23T01:16:46","slug":"guias-de-practica-clinica-oncologica-para-comunidades-indigenas","status":"publish","type":"page","link":"https:\/\/scisco.co\/en\/proyectos\/cancer-y-comunidades-indigenas\/guias-de-practica-clinica-oncologica-para-comunidades-indigenas\/","title":{"rendered":"Gu\u00edas de pr\u00e1ctica cl\u00ednica oncol\u00f3gica"},"content":{"rendered":"<div data-elementor-type=\"wp-page\" data-elementor-id=\"1949\" class=\"elementor elementor-1949\">\n\t\t\t\t\t\t\t<div class=\"elementor-element elementor-element-91ce263 e-con-boxed e-con\" data-id=\"91ce263\" data-element_type=\"container\" data-settings=\"{&quot;background_background&quot;:&quot;classic&quot;,&quot;content_width&quot;:&quot;boxed&quot;}\">\n\t\t\t\t\t<div class=\"e-con-inner\">\n\t\t\t\t<div class=\"elementor-element elementor-element-05a2bd4 elementor-widget__width-initial elementor-widget elementor-widget-image\" data-id=\"05a2bd4\" data-element_type=\"widget\" data-widget_type=\"image.default\">\n\t\t\t\t<div class=\"elementor-widget-container\">\n\t\t\t<style>\/*! elementor - v3.9.2 - 21-12-2022 *\/\n.elementor-widget-image{text-align:center}.elementor-widget-image a{display:inline-block}.elementor-widget-image a img[src$=\".svg\"]{width:48px}.elementor-widget-image img{vertical-align:middle;display:inline-block}<\/style>\t\t\t\t\t\t\t\t\t\t\t\t<img decoding=\"async\" width=\"416\" height=\"415\" src=\"https:\/\/scisco.co\/wp-content\/uploads\/2022\/10\/SCISCO_icono_proyectos.png\" class=\"attachment-full size-full wp-image-171\" alt=\"\" loading=\"lazy\" srcset=\"https:\/\/scisco.co\/wp-content\/uploads\/2022\/10\/SCISCO_icono_proyectos.png 416w, https:\/\/scisco.co\/wp-content\/uploads\/2022\/10\/SCISCO_icono_proyectos-300x300.png 300w, https:\/\/scisco.co\/wp-content\/uploads\/2022\/10\/SCISCO_icono_proyectos-150x150.png 150w\" sizes=\"(max-width: 416px) 100vw, 416px\" \/>\t\t\t\t\t\t\t\t\t\t\t\t\t\t\t<\/div>\n\t\t\t\t<\/div>\n\t\t\t\t<div class=\"elementor-element elementor-element-370e01a elementor-widget elementor-widget-heading\" data-id=\"370e01a\" data-element_type=\"widget\" data-widget_type=\"heading.default\">\n\t\t\t\t<div class=\"elementor-widget-container\">\n\t\t\t<style>\/*! elementor - v3.9.2 - 21-12-2022 *\/\n.elementor-heading-title{padding:0;margin:0;line-height:1}.elementor-widget-heading .elementor-heading-title[class*=elementor-size-]>a{color:inherit;font-size:inherit;line-height:inherit}.elementor-widget-heading .elementor-heading-title.elementor-size-small{font-size:15px}.elementor-widget-heading .elementor-heading-title.elementor-size-medium{font-size:19px}.elementor-widget-heading .elementor-heading-title.elementor-size-large{font-size:29px}.elementor-widget-heading .elementor-heading-title.elementor-size-xl{font-size:39px}.elementor-widget-heading .elementor-heading-title.elementor-size-xxl{font-size:59px}<\/style><h1 class=\"elementor-heading-title elementor-size-default\">Guias de Pr\u00e1ctica Cl\u00ednica Oncol\u00f3gica para Comunidades Ind\u00edgenas<\/h1>\t\t<\/div>\n\t\t\t\t<\/div>\n\t\t\t\t<div class=\"elementor-element elementor-element-514c8ff elementor-widget elementor-widget-text-editor\" data-id=\"514c8ff\" data-element_type=\"widget\" data-widget_type=\"text-editor.default\">\n\t\t\t\t<div class=\"elementor-widget-container\">\n\t\t\t<style>\/*! elementor - v3.9.2 - 21-12-2022 *\/\n.elementor-widget-text-editor.elementor-drop-cap-view-stacked .elementor-drop-cap{background-color:#818a91;color:#fff}.elementor-widget-text-editor.elementor-drop-cap-view-framed .elementor-drop-cap{color:#818a91;border:3px solid;background-color:transparent}.elementor-widget-text-editor:not(.elementor-drop-cap-view-default) .elementor-drop-cap{margin-top:8px}.elementor-widget-text-editor:not(.elementor-drop-cap-view-default) .elementor-drop-cap-letter{width:1em;height:1em}.elementor-widget-text-editor .elementor-drop-cap{float:left;text-align:center;line-height:1;font-size:50px}.elementor-widget-text-editor .elementor-drop-cap-letter{display:inline-block}<\/style>\t\t\t\t<p style=\"text-align: center;\"><span style=\"color: #ccffcc;\">Bienvenidos a nuestro proyecto dedicado a la creaci\u00f3n de gu\u00edas de pr\u00e1ctica cl\u00ednica oncol\u00f3gica espec\u00edficamente dise\u00f1adas para las comunidades ind\u00edgenas en Colombia. Este proyecto es un paso fundamental en la direcci\u00f3n de un acceso equitativo y calidad de atenci\u00f3n oncol\u00f3gica para todas las poblaciones de Colombia.<\/span><\/p>\t\t\t\t\t\t<\/div>\n\t\t\t\t<\/div>\n\t\t<div class=\"elementor-element elementor-element-f362147 e-con-full e-con\" data-id=\"f362147\" data-element_type=\"container\" data-settings=\"{&quot;content_width&quot;:&quot;full&quot;}\">\n\t\t\t\t<\/div>\n\t\t\t\t\t<\/div>\n\t\t\t\t<\/div>\n\t\t<div class=\"elementor-element elementor-element-78535a9 e-con-boxed e-con\" data-id=\"78535a9\" data-element_type=\"container\" data-settings=\"{&quot;content_width&quot;:&quot;boxed&quot;}\">\n\t\t\t\t\t<div class=\"e-con-inner\">\n\t\t<div class=\"elementor-element elementor-element-1be0d82 e-con-boxed e-con\" data-id=\"1be0d82\" data-element_type=\"container\" data-settings=\"{&quot;background_background&quot;:&quot;classic&quot;,&quot;content_width&quot;:&quot;boxed&quot;}\">\n\t\t\t\t\t<div class=\"e-con-inner\">\n\t\t\t\t<div class=\"elementor-element elementor-element-e688963 elementor-widget elementor-widget-heading\" data-id=\"e688963\" data-element_type=\"widget\" data-widget_type=\"heading.default\">\n\t\t\t\t<div class=\"elementor-widget-container\">\n\t\t\t<h2 class=\"elementor-heading-title elementor-size-default\">Nuestra Misi\u00f3n en Este Proyecto es:<\/h2>\t\t<\/div>\n\t\t\t\t<\/div>\n\t\t<div class=\"elementor-element elementor-element-78b59c2 e-con-full e-con\" data-id=\"78b59c2\" data-element_type=\"container\" data-settings=\"{&quot;content_width&quot;:&quot;full&quot;}\">\n\t\t\t\t<div class=\"elementor-element elementor-element-b7a0f0d elementor-widget elementor-widget-text-editor\" data-id=\"b7a0f0d\" data-element_type=\"widget\" data-widget_type=\"text-editor.default\">\n\t\t\t\t<div class=\"elementor-widget-container\">\n\t\t\t\t\t\t\t<p>fomentar la investigaci\u00f3n cient\u00edfica y la aplicaci\u00f3n de conocimientos para abordar los desaf\u00edos de salud en comunidades vulnerables. Reconocemos la diversidad \u00e9tnica y cultural de Colombia y estamos enfocados en brindar soluciones de salud adaptadas a las necesidades espec\u00edficas de las comunidades ind\u00edgenas.<\/p><p>\u00a0<\/p>\t\t\t\t\t\t<\/div>\n\t\t\t\t<\/div>\n\t\t\t\t<div class=\"elementor-element elementor-element-3696c6e elementor-widget elementor-widget-heading\" data-id=\"3696c6e\" data-element_type=\"widget\" data-widget_type=\"heading.default\">\n\t\t\t\t<div class=\"elementor-widget-container\">\n\t\t\t<h2 class=\"elementor-heading-title elementor-size-default\">Los Objetivos del Proyecto son:<\/h2>\t\t<\/div>\n\t\t\t\t<\/div>\n\t\t\t\t<div class=\"elementor-element elementor-element-b0669d1 elementor-widget elementor-widget-text-editor\" data-id=\"b0669d1\" data-element_type=\"widget\" data-widget_type=\"text-editor.default\">\n\t\t\t\t<div class=\"elementor-widget-container\">\n\t\t\t\t\t\t\t<ol><li><p><strong>Desarrollo de Gu\u00edas de Pr\u00e1ctica Cl\u00ednica:<\/strong> Nuestro proyecto se enfoca en la creaci\u00f3n de gu\u00edas de pr\u00e1ctica cl\u00ednica que se adapten a las realidades culturales y geogr\u00e1ficas de las comunidades ind\u00edgenas de Colombia. Estas gu\u00edas servir\u00e1n como recursos esenciales para profesionales de la salud que trabajan en estas regiones y para los propios pacientes y sus familias.<\/p><\/li><li><p><strong>Di\u00e1logo y Colaboraci\u00f3n:<\/strong> Creemos en la importancia del di\u00e1logo y la colaboraci\u00f3n con las comunidades ind\u00edgenas. Estamos trabajando de la mano con l\u00edderes comunitarios, sanadores tradicionales y profesionales de la salud ind\u00edgenas para garantizar que las gu\u00edas reflejen sus conocimientos y necesidades.<\/p><\/li><li><p><strong>Investigaci\u00f3n en Curso:<\/strong> Nuestro equipo est\u00e1 llevando a cabo investigaciones rigurosas para comprender las tasas de incidencia de c\u00e1ncer en comunidades ind\u00edgenas, los factores de riesgo y las barreras para el acceso a la atenci\u00f3n m\u00e9dica.<\/p><\/li><\/ol>\t\t\t\t\t\t<\/div>\n\t\t\t\t<\/div>\n\t\t\t\t<div class=\"elementor-element elementor-element-b3d5d24 elementor-widget elementor-widget-heading\" data-id=\"b3d5d24\" data-element_type=\"widget\" data-widget_type=\"heading.default\">\n\t\t\t\t<div class=\"elementor-widget-container\">\n\t\t\t<h2 class=\"elementor-heading-title elementor-size-default\">Nuestra Metodolog\u00eda se enfoca en la<\/h2>\t\t<\/div>\n\t\t\t\t<\/div>\n\t\t\t\t<div class=\"elementor-element elementor-element-d7f49db elementor-widget elementor-widget-text-editor\" data-id=\"d7f49db\" data-element_type=\"widget\" data-widget_type=\"text-editor.default\">\n\t\t\t\t<div class=\"elementor-widget-container\">\n\t\t\t\t\t\t\t<ul><li><p><strong>Investigaci\u00f3n Participativa:<\/strong> Nos comprometemos a involucrar activamente a las comunidades ind\u00edgenas en cada etapa de desarrollo de las gu\u00edas y en el proceso de investigaci\u00f3n. Sus voces y experiencias son fundamentales.<\/p><\/li><li><p><strong>Enfoque Culturalmente Sensible:<\/strong> Nuestras gu\u00edas y enfoques de tratamiento tendr\u00e1n en cuenta las pr\u00e1cticas de curaci\u00f3n tradicionales, la espiritualidad y las creencias culturales de las comunidades ind\u00edgenas.<\/p><\/li><\/ul>\t\t\t\t\t\t<\/div>\n\t\t\t\t<\/div>\n\t\t<div class=\"elementor-element elementor-element-3978b05 e-con-full e-con\" data-id=\"3978b05\" data-element_type=\"container\" data-settings=\"{&quot;content_width&quot;:&quot;full&quot;}\">\n\t\t\t\t<div class=\"elementor-element elementor-element-824c67f elementor-widget elementor-widget-text-editor\" data-id=\"824c67f\" data-element_type=\"widget\" data-widget_type=\"text-editor.default\">\n\t\t\t\t<div class=\"elementor-widget-container\">\n\t\t\t\t\t\t\t<p style=\"text-align: center;\"><span style=\"color: #800080;\">Nuestro proyecto est\u00e1 arraigado en el compromiso con la equidad en salud. Creemos que todas las personas, independientemente de su origen \u00e9tnico, merecen igualdad de acceso a la atenci\u00f3n m\u00e9dica y el apoyo necesario en su lucha contra el c\u00e1ncer.<\/span><\/p><p style=\"text-align: center;\"><span style=\"color: #800080;\"><strong>C\u00f3mo Puede Participar:<\/strong> Si est\u00e1 interesado en colaborar con nosotros, aprender m\u00e1s sobre nuestras investigaciones o apoyar esta iniciativa, no dude en ponerse en contacto con nosotros. Juntos, podemos lograr avances significativos en la atenci\u00f3n oncol\u00f3gica para las comunidades ind\u00edgenas de Colombia.<\/span><\/p>\t\t\t\t\t\t<\/div>\n\t\t\t\t<\/div>\n\t\t\t\t<\/div>\n\t\t\t\t<\/div>\n\t\t\t\t\t<\/div>\n\t\t\t\t<\/div>\n\t\t\t\t\t<\/div>\n\t\t\t\t<\/div>\n\t\t\t\t\t\t\t<\/div>","protected":false},"excerpt":{"rendered":"<p>Guias de Pr\u00e1ctica Cl\u00ednica Oncol\u00f3gica para Comunidades Ind\u00edgenas Bienvenidos a nuestro proyecto dedicado a la creaci\u00f3n de gu\u00edas de pr\u00e1ctica cl\u00ednica oncol\u00f3gica espec\u00edficamente dise\u00f1adas para las comunidades ind\u00edgenas en Colombia. [&hellip;]<\/p>","protected":false},"author":1,"featured_media":0,"parent":1941,"menu_order":1,"comment_status":"closed","ping_status":"closed","template":"elementor_header_footer","meta":{"_coblocks_attr":"","_coblocks_dimensions":"","_coblocks_responsive_height":"","_coblocks_accordion_ie_support":"","hide_page_title":""},"yoast_head":"<!-- This site is optimized with the Yoast SEO plugin v19.13 - https:\/\/yoast.com\/wordpress\/plugins\/seo\/ -->\n<title>Gu\u00edas de pr\u00e1ctica cl\u00ednica oncol\u00f3gica - Scisco<\/title>\n<meta name=\"robots\" content=\"index, follow, max-snippet:-1, max-image-preview:large, max-video-preview:-1\" \/>\n<link rel=\"canonical\" href=\"https:\/\/scisco.co\/en\/proyectos\/cancer-y-comunidades-indigenas\/guias-de-practica-clinica-oncologica-para-comunidades-indigenas\/\" \/>\n<meta property=\"og:locale\" content=\"en_US\" \/>\n<meta property=\"og:type\" content=\"article\" \/>\n<meta property=\"og:title\" content=\"Gu\u00edas de pr\u00e1ctica cl\u00ednica oncol\u00f3gica - Scisco\" \/>\n<meta property=\"og:description\" content=\"Guias de Pr\u00e1ctica Cl\u00ednica Oncol\u00f3gica para Comunidades Ind\u00edgenas Bienvenidos a nuestro proyecto dedicado a la creaci\u00f3n de gu\u00edas de pr\u00e1ctica cl\u00ednica oncol\u00f3gica espec\u00edficamente dise\u00f1adas para las comunidades ind\u00edgenas en Colombia. [&hellip;]\" \/>\n<meta property=\"og:url\" content=\"https:\/\/scisco.co\/en\/proyectos\/cancer-y-comunidades-indigenas\/guias-de-practica-clinica-oncologica-para-comunidades-indigenas\/\" \/>\n<meta property=\"og:site_name\" content=\"Scisco\" \/>\n<meta property=\"article:modified_time\" content=\"2023-10-23T01:16:46+00:00\" \/>\n<meta property=\"og:image\" content=\"https:\/\/scisco.co\/wp-content\/uploads\/2022\/10\/SCISCO_icono_proyectos.png\" \/>\n<meta name=\"twitter:card\" content=\"summary_large_image\" \/>\n<meta name=\"twitter:label1\" content=\"Est. reading time\" \/>\n\t<meta name=\"twitter:data1\" content=\"2 minutes\" \/>\n<script type=\"application\/ld+json\" class=\"yoast-schema-graph\">{\"@context\":\"https:\/\/schema.org\",\"@graph\":[{\"@type\":\"WebPage\",\"@id\":\"https:\/\/scisco.co\/proyectos\/cancer-y-comunidades-indigenas\/guias-de-practica-clinica-oncologica-para-comunidades-indigenas\/\",\"url\":\"https:\/\/scisco.co\/proyectos\/cancer-y-comunidades-indigenas\/guias-de-practica-clinica-oncologica-para-comunidades-indigenas\/\",\"name\":\"Gu\u00edas de pr\u00e1ctica cl\u00ednica oncol\u00f3gica - Scisco\",\"isPartOf\":{\"@id\":\"https:\/\/scisco.co\/#website\"},\"datePublished\":\"2023-06-21T06:51:47+00:00\",\"dateModified\":\"2023-10-23T01:16:46+00:00\",\"breadcrumb\":{\"@id\":\"https:\/\/scisco.co\/proyectos\/cancer-y-comunidades-indigenas\/guias-de-practica-clinica-oncologica-para-comunidades-indigenas\/#breadcrumb\"},\"inLanguage\":\"en-US\",\"potentialAction\":[{\"@type\":\"ReadAction\",\"target\":[\"https:\/\/scisco.co\/proyectos\/cancer-y-comunidades-indigenas\/guias-de-practica-clinica-oncologica-para-comunidades-indigenas\/\"]}]},{\"@type\":\"BreadcrumbList\",\"@id\":\"https:\/\/scisco.co\/proyectos\/cancer-y-comunidades-indigenas\/guias-de-practica-clinica-oncologica-para-comunidades-indigenas\/#breadcrumb\",\"itemListElement\":[{\"@type\":\"ListItem\",\"position\":1,\"name\":\"Portada\",\"item\":\"https:\/\/scisco.co\/\"},{\"@type\":\"ListItem\",\"position\":2,\"name\":\"Proyectos\",\"item\":\"https:\/\/scisco.co\/proyectos\/\"},{\"@type\":\"ListItem\",\"position\":3,\"name\":\"Cancer y Comunidades Ind\u00edgenas\",\"item\":\"https:\/\/scisco.co\/proyectos\/cancer-y-comunidades-indigenas\/\"},{\"@type\":\"ListItem\",\"position\":4,\"name\":\"Gu\u00edas de pr\u00e1ctica cl\u00ednica oncol\u00f3gica\"}]},{\"@type\":\"WebSite\",\"@id\":\"https:\/\/scisco.co\/#website\",\"url\":\"https:\/\/scisco.co\/\",\"name\":\"Scisco\",\"description\":\"\",\"publisher\":{\"@id\":\"https:\/\/scisco.co\/#organization\"},\"potentialAction\":[{\"@type\":\"SearchAction\",\"target\":{\"@type\":\"EntryPoint\",\"urlTemplate\":\"https:\/\/scisco.co\/?s={search_term_string}\"},\"query-input\":\"required name=search_term_string\"}],\"inLanguage\":\"en-US\"},{\"@type\":\"Organization\",\"@id\":\"https:\/\/scisco.co\/#organization\",\"name\":\"Scisco\",\"url\":\"https:\/\/scisco.co\/\",\"logo\":{\"@type\":\"ImageObject\",\"inLanguage\":\"en-US\",\"@id\":\"https:\/\/scisco.co\/#\/schema\/logo\/image\/\",\"url\":\"https:\/\/scisco.co\/wp-content\/uploads\/2022\/11\/Scisco-Foundation_Logo-ESP.png\",\"contentUrl\":\"https:\/\/scisco.co\/wp-content\/uploads\/2022\/11\/Scisco-Foundation_Logo-ESP.png\",\"width\":1896,\"height\":594,\"caption\":\"Scisco\"},\"image\":{\"@id\":\"https:\/\/scisco.co\/#\/schema\/logo\/image\/\"}}]}<\/script>\n<!-- \/ Yoast SEO plugin. -->","yoast_head_json":{"title":"Gu\u00edas de pr\u00e1ctica cl\u00ednica oncol\u00f3gica - Scisco","robots":{"index":"index","follow":"follow","max-snippet":"max-snippet:-1","max-image-preview":"max-image-preview:large","max-video-preview":"max-video-preview:-1"},"canonical":"https:\/\/scisco.co\/en\/proyectos\/cancer-y-comunidades-indigenas\/guias-de-practica-clinica-oncologica-para-comunidades-indigenas\/","og_locale":"en_US","og_type":"article","og_title":"Gu\u00edas de pr\u00e1ctica cl\u00ednica oncol\u00f3gica - Scisco","og_description":"Guias de Pr\u00e1ctica Cl\u00ednica Oncol\u00f3gica para Comunidades Ind\u00edgenas Bienvenidos a nuestro proyecto dedicado a la creaci\u00f3n de gu\u00edas de pr\u00e1ctica cl\u00ednica oncol\u00f3gica espec\u00edficamente dise\u00f1adas para las comunidades ind\u00edgenas en Colombia. [&hellip;]","og_url":"https:\/\/scisco.co\/en\/proyectos\/cancer-y-comunidades-indigenas\/guias-de-practica-clinica-oncologica-para-comunidades-indigenas\/","og_site_name":"Scisco","article_modified_time":"2023-10-23T01:16:46+00:00","og_image":[{"url":"https:\/\/scisco.co\/wp-content\/uploads\/2022\/10\/SCISCO_icono_proyectos.png"}],"twitter_card":"summary_large_image","twitter_misc":{"Est. reading time":"2 minutes"},"schema":{"@context":"https:\/\/schema.org","@graph":[{"@type":"WebPage","@id":"https:\/\/scisco.co\/proyectos\/cancer-y-comunidades-indigenas\/guias-de-practica-clinica-oncologica-para-comunidades-indigenas\/","url":"https:\/\/scisco.co\/proyectos\/cancer-y-comunidades-indigenas\/guias-de-practica-clinica-oncologica-para-comunidades-indigenas\/","name":"Gu\u00edas de pr\u00e1ctica cl\u00ednica oncol\u00f3gica - Scisco","isPartOf":{"@id":"https:\/\/scisco.co\/#website"},"datePublished":"2023-06-21T06:51:47+00:00","dateModified":"2023-10-23T01:16:46+00:00","breadcrumb":{"@id":"https:\/\/scisco.co\/proyectos\/cancer-y-comunidades-indigenas\/guias-de-practica-clinica-oncologica-para-comunidades-indigenas\/#breadcrumb"},"inLanguage":"en-US","potentialAction":[{"@type":"ReadAction","target":["https:\/\/scisco.co\/proyectos\/cancer-y-comunidades-indigenas\/guias-de-practica-clinica-oncologica-para-comunidades-indigenas\/"]}]},{"@type":"BreadcrumbList","@id":"https:\/\/scisco.co\/proyectos\/cancer-y-comunidades-indigenas\/guias-de-practica-clinica-oncologica-para-comunidades-indigenas\/#breadcrumb","itemListElement":[{"@type":"ListItem","position":1,"name":"Portada","item":"https:\/\/scisco.co\/"},{"@type":"ListItem","position":2,"name":"Proyectos","item":"https:\/\/scisco.co\/proyectos\/"},{"@type":"ListItem","position":3,"name":"Cancer y Comunidades Ind\u00edgenas","item":"https:\/\/scisco.co\/proyectos\/cancer-y-comunidades-indigenas\/"},{"@type":"ListItem","position":4,"name":"Gu\u00edas de pr\u00e1ctica cl\u00ednica oncol\u00f3gica"}]},{"@type":"WebSite","@id":"https:\/\/scisco.co\/#website","url":"https:\/\/scisco.co\/","name":"Scisco","description":"","publisher":{"@id":"https:\/\/scisco.co\/#organization"},"potentialAction":[{"@type":"SearchAction","target":{"@type":"EntryPoint","urlTemplate":"https:\/\/scisco.co\/?s={search_term_string}"},"query-input":"required name=search_term_string"}],"inLanguage":"en-US"},{"@type":"Organization","@id":"https:\/\/scisco.co\/#organization","name":"Scisco","url":"https:\/\/scisco.co\/","logo":{"@type":"ImageObject","inLanguage":"en-US","@id":"https:\/\/scisco.co\/#\/schema\/logo\/image\/","url":"https:\/\/scisco.co\/wp-content\/uploads\/2022\/11\/Scisco-Foundation_Logo-ESP.png","contentUrl":"https:\/\/scisco.co\/wp-content\/uploads\/2022\/11\/Scisco-Foundation_Logo-ESP.png","width":1896,"height":594,"caption":"Scisco"},"image":{"@id":"https:\/\/scisco.co\/#\/schema\/logo\/image\/"}}]}},"_links":{"self":[{"href":"https:\/\/scisco.co\/en\/wp-json\/wp\/v2\/pages\/1949"}],"collection":[{"href":"https:\/\/scisco.co\/en\/wp-json\/wp\/v2\/pages"}],"about":[{"href":"https:\/\/scisco.co\/en\/wp-json\/wp\/v2\/types\/page"}],"author":[{"embeddable":true,"href":"https:\/\/scisco.co\/en\/wp-json\/wp\/v2\/users\/1"}],"replies":[{"embeddable":true,"href":"https:\/\/scisco.co\/en\/wp-json\/wp\/v2\/comments?post=1949"}],"version-history":[{"count":13,"href":"https:\/\/scisco.co\/en\/wp-json\/wp\/v2\/pages\/1949\/revisions"}],"predecessor-version":[{"id":2176,"href":"https:\/\/scisco.co\/en\/wp-json\/wp\/v2\/pages\/1949\/revisions\/2176"}],"up":[{"embeddable":true,"href":"https:\/\/scisco.co\/en\/wp-json\/wp\/v2\/pages\/1941"}],"wp:attachment":[{"href":"https:\/\/scisco.co\/en\/wp-json\/wp\/v2\/media?parent=1949"}],"curies":[{"name":"wp","href":"https:\/\/api.w.org\/{rel}","templated":true}]}}