{"id":1947,"date":"2023-06-21T06:50:39","date_gmt":"2023-06-21T06:50:39","guid":{"rendered":"https:\/\/www.scisco.co\/?page_id=1947"},"modified":"2023-10-23T00:42:37","modified_gmt":"2023-10-23T00:42:37","slug":"cancer-de-piel","status":"publish","type":"page","link":"https:\/\/scisco.co\/en\/proyectos\/cancer-y-comunidades-indigenas\/cancer-de-piel\/","title":{"rendered":"C\u00e1ncer de Piel"},"content":{"rendered":"<div data-elementor-type=\"wp-page\" data-elementor-id=\"1947\" class=\"elementor elementor-1947\">\n\t\t\t\t\t\t\t<div class=\"elementor-element elementor-element-91ce263 e-con-boxed e-con\" data-id=\"91ce263\" data-element_type=\"container\" data-settings=\"{&quot;background_background&quot;:&quot;classic&quot;,&quot;content_width&quot;:&quot;boxed&quot;}\">\n\t\t\t\t\t<div class=\"e-con-inner\">\n\t\t\t\t<div class=\"elementor-element elementor-element-05a2bd4 elementor-widget__width-initial elementor-widget elementor-widget-image\" data-id=\"05a2bd4\" data-element_type=\"widget\" data-widget_type=\"image.default\">\n\t\t\t\t<div class=\"elementor-widget-container\">\n\t\t\t<style>\/*! elementor - v3.9.2 - 21-12-2022 *\/\n.elementor-widget-image{text-align:center}.elementor-widget-image a{display:inline-block}.elementor-widget-image a img[src$=\".svg\"]{width:48px}.elementor-widget-image img{vertical-align:middle;display:inline-block}<\/style>\t\t\t\t\t\t\t\t\t\t\t\t<img decoding=\"async\" width=\"416\" height=\"415\" src=\"https:\/\/scisco.co\/wp-content\/uploads\/2022\/10\/SCISCO_icono_proyectos.png\" class=\"attachment-full size-full wp-image-171\" alt=\"\" loading=\"lazy\" srcset=\"https:\/\/scisco.co\/wp-content\/uploads\/2022\/10\/SCISCO_icono_proyectos.png 416w, https:\/\/scisco.co\/wp-content\/uploads\/2022\/10\/SCISCO_icono_proyectos-300x300.png 300w, https:\/\/scisco.co\/wp-content\/uploads\/2022\/10\/SCISCO_icono_proyectos-150x150.png 150w\" sizes=\"(max-width: 416px) 100vw, 416px\" \/>\t\t\t\t\t\t\t\t\t\t\t\t\t\t\t<\/div>\n\t\t\t\t<\/div>\n\t\t\t\t<div class=\"elementor-element elementor-element-370e01a elementor-widget elementor-widget-heading\" data-id=\"370e01a\" data-element_type=\"widget\" data-widget_type=\"heading.default\">\n\t\t\t\t<div class=\"elementor-widget-container\">\n\t\t\t<style>\/*! elementor - v3.9.2 - 21-12-2022 *\/\n.elementor-heading-title{padding:0;margin:0;line-height:1}.elementor-widget-heading .elementor-heading-title[class*=elementor-size-]>a{color:inherit;font-size:inherit;line-height:inherit}.elementor-widget-heading .elementor-heading-title.elementor-size-small{font-size:15px}.elementor-widget-heading .elementor-heading-title.elementor-size-medium{font-size:19px}.elementor-widget-heading .elementor-heading-title.elementor-size-large{font-size:29px}.elementor-widget-heading .elementor-heading-title.elementor-size-xl{font-size:39px}.elementor-widget-heading .elementor-heading-title.elementor-size-xxl{font-size:59px}<\/style><h1 class=\"elementor-heading-title elementor-size-default\">Cancer de Piel<\/h1>\t\t<\/div>\n\t\t\t\t<\/div>\n\t\t\t\t<div class=\"elementor-element elementor-element-7ccc7dc elementor-aspect-ratio-169 elementor-widget elementor-widget-video\" data-id=\"7ccc7dc\" data-element_type=\"widget\" data-settings=\"{&quot;youtube_url&quot;:&quot;https:\\\/\\\/www.youtube.com\\\/watch?v=fN8EYNX03vk&quot;,&quot;video_type&quot;:&quot;youtube&quot;,&quot;controls&quot;:&quot;yes&quot;,&quot;aspect_ratio&quot;:&quot;169&quot;}\" data-widget_type=\"video.default\">\n\t\t\t\t<div class=\"elementor-widget-container\">\n\t\t\t<style>\/*! elementor - v3.9.2 - 21-12-2022 *\/\n.elementor-widget-video .elementor-widget-container{overflow:hidden;transform:translateZ(0)}.elementor-widget-video .elementor-open-inline .elementor-custom-embed-image-overlay{position:absolute;top:0;left:0;width:100%;height:100%;background-size:cover;background-position:50%}.elementor-widget-video .elementor-custom-embed-image-overlay{cursor:pointer;text-align:center}.elementor-widget-video .elementor-custom-embed-image-overlay:hover .elementor-custom-embed-play i{opacity:1}.elementor-widget-video .elementor-custom-embed-image-overlay img{display:block;width:100%}.elementor-widget-video .e-hosted-video .elementor-video{-o-object-fit:cover;object-fit:cover}.e-con-inner>.elementor-widget-video,.e-con>.elementor-widget-video{width:var(--container-widget-width);--flex-grow:var(--container-widget-flex-grow)}<\/style>\t\t<div class=\"elementor-wrapper elementor-fit-aspect-ratio elementor-open-inline\">\n\t\t\t<div class=\"elementor-video\"><\/div>\t\t<\/div>\n\t\t\t\t<\/div>\n\t\t\t\t<\/div>\n\t\t\t\t<div class=\"elementor-element elementor-element-303910c elementor-widget elementor-widget-text-editor\" data-id=\"303910c\" data-element_type=\"widget\" data-widget_type=\"text-editor.default\">\n\t\t\t\t<div class=\"elementor-widget-container\">\n\t\t\t<style>\/*! elementor - v3.9.2 - 21-12-2022 *\/\n.elementor-widget-text-editor.elementor-drop-cap-view-stacked .elementor-drop-cap{background-color:#818a91;color:#fff}.elementor-widget-text-editor.elementor-drop-cap-view-framed .elementor-drop-cap{color:#818a91;border:3px solid;background-color:transparent}.elementor-widget-text-editor:not(.elementor-drop-cap-view-default) .elementor-drop-cap{margin-top:8px}.elementor-widget-text-editor:not(.elementor-drop-cap-view-default) .elementor-drop-cap-letter{width:1em;height:1em}.elementor-widget-text-editor .elementor-drop-cap{float:left;text-align:center;line-height:1;font-size:50px}.elementor-widget-text-editor .elementor-drop-cap-letter{display:inline-block}<\/style>\t\t\t\t<p style=\"text-align: center;\"><span style=\"color: #ccffcc;\">Visitamos Natagaima, Tolima, donde tuvimos el honor de dialogar con l\u00edderes y lideresas de la Comunidad Pijao acerca del TA, que representa el sol, el padre y el creador de la vida en su cosmovisi\u00f3n. Estas historias y conocimientos llenos de luz nos inspiran a comprender y respetar su cultura, pr\u00e1cticas y necesidades para promover su bienestar.<\/span><\/p><p style=\"text-align: center;\"><span style=\"color: #ccffcc;\">Continuamos promoviendo el intercambio de saberes, di\u00e1logos participativos e inclusivos, la sinergia entre culturas y la construcci\u00f3n colectiva. Todo esto con el objetivo de fomentar la salud y prevenir el c\u00e1ncer de piel. Agradecemos a la comunidad Pijao y a todos los habitantes del territorio por su c\u00e1lida bienvenida y por compartir sus experiencias con nosotros.<\/span><\/p>\t\t\t\t\t\t<\/div>\n\t\t\t\t<\/div>\n\t\t\t\t\t<\/div>\n\t\t\t\t<\/div>\n\t\t\t\t\t\t\t<\/div>","protected":false},"excerpt":{"rendered":"<p>Cancer de Piel https:\/\/www.youtube.com\/watch?v=fN8EYNX03vk Visitamos Natagaima, Tolima, donde tuvimos el honor de dialogar con l\u00edderes y lideresas de la Comunidad Pijao acerca del TA, que representa el sol, el padre [&hellip;]<\/p>","protected":false},"author":1,"featured_media":0,"parent":1941,"menu_order":3,"comment_status":"closed","ping_status":"closed","template":"elementor_header_footer","meta":{"_coblocks_attr":"","_coblocks_dimensions":"","_coblocks_responsive_height":"","_coblocks_accordion_ie_support":"","hide_page_title":""},"yoast_head":"<!-- This site is optimized with the Yoast SEO plugin v19.13 - https:\/\/yoast.com\/wordpress\/plugins\/seo\/ -->\n<title>C\u00e1ncer de Piel - Scisco<\/title>\n<meta name=\"robots\" content=\"index, follow, max-snippet:-1, max-image-preview:large, max-video-preview:-1\" \/>\n<link rel=\"canonical\" href=\"https:\/\/scisco.co\/en\/proyectos\/cancer-y-comunidades-indigenas\/cancer-de-piel\/\" \/>\n<meta property=\"og:locale\" content=\"en_US\" \/>\n<meta property=\"og:type\" content=\"article\" \/>\n<meta property=\"og:title\" content=\"C\u00e1ncer de Piel - Scisco\" \/>\n<meta property=\"og:description\" content=\"Cancer de Piel https:\/\/www.youtube.com\/watch?v=fN8EYNX03vk Visitamos Natagaima, Tolima, donde tuvimos el honor de dialogar con l\u00edderes y lideresas de la Comunidad Pijao acerca del TA, que representa el sol, el padre [&hellip;]\" \/>\n<meta property=\"og:url\" content=\"https:\/\/scisco.co\/en\/proyectos\/cancer-y-comunidades-indigenas\/cancer-de-piel\/\" \/>\n<meta property=\"og:site_name\" content=\"Scisco\" \/>\n<meta property=\"article:modified_time\" content=\"2023-10-23T00:42:37+00:00\" \/>\n<meta property=\"og:image\" content=\"https:\/\/scisco.co\/wp-content\/uploads\/2022\/10\/SCISCO_icono_proyectos.png\" \/>\n<meta name=\"twitter:card\" content=\"summary_large_image\" \/>\n<meta name=\"twitter:label1\" content=\"Est. reading time\" \/>\n\t<meta name=\"twitter:data1\" content=\"1 minute\" \/>\n<script type=\"application\/ld+json\" class=\"yoast-schema-graph\">{\"@context\":\"https:\/\/schema.org\",\"@graph\":[{\"@type\":\"WebPage\",\"@id\":\"https:\/\/scisco.co\/proyectos\/cancer-y-comunidades-indigenas\/cancer-de-piel\/\",\"url\":\"https:\/\/scisco.co\/proyectos\/cancer-y-comunidades-indigenas\/cancer-de-piel\/\",\"name\":\"C\u00e1ncer de Piel - Scisco\",\"isPartOf\":{\"@id\":\"https:\/\/scisco.co\/#website\"},\"datePublished\":\"2023-06-21T06:50:39+00:00\",\"dateModified\":\"2023-10-23T00:42:37+00:00\",\"breadcrumb\":{\"@id\":\"https:\/\/scisco.co\/proyectos\/cancer-y-comunidades-indigenas\/cancer-de-piel\/#breadcrumb\"},\"inLanguage\":\"en-US\",\"potentialAction\":[{\"@type\":\"ReadAction\",\"target\":[\"https:\/\/scisco.co\/proyectos\/cancer-y-comunidades-indigenas\/cancer-de-piel\/\"]}]},{\"@type\":\"BreadcrumbList\",\"@id\":\"https:\/\/scisco.co\/proyectos\/cancer-y-comunidades-indigenas\/cancer-de-piel\/#breadcrumb\",\"itemListElement\":[{\"@type\":\"ListItem\",\"position\":1,\"name\":\"Portada\",\"item\":\"https:\/\/scisco.co\/\"},{\"@type\":\"ListItem\",\"position\":2,\"name\":\"Proyectos\",\"item\":\"https:\/\/scisco.co\/proyectos\/\"},{\"@type\":\"ListItem\",\"position\":3,\"name\":\"Cancer y Comunidades Ind\u00edgenas\",\"item\":\"https:\/\/scisco.co\/proyectos\/cancer-y-comunidades-indigenas\/\"},{\"@type\":\"ListItem\",\"position\":4,\"name\":\"C\u00e1ncer de Piel\"}]},{\"@type\":\"WebSite\",\"@id\":\"https:\/\/scisco.co\/#website\",\"url\":\"https:\/\/scisco.co\/\",\"name\":\"Scisco\",\"description\":\"\",\"publisher\":{\"@id\":\"https:\/\/scisco.co\/#organization\"},\"potentialAction\":[{\"@type\":\"SearchAction\",\"target\":{\"@type\":\"EntryPoint\",\"urlTemplate\":\"https:\/\/scisco.co\/?s={search_term_string}\"},\"query-input\":\"required name=search_term_string\"}],\"inLanguage\":\"en-US\"},{\"@type\":\"Organization\",\"@id\":\"https:\/\/scisco.co\/#organization\",\"name\":\"Scisco\",\"url\":\"https:\/\/scisco.co\/\",\"logo\":{\"@type\":\"ImageObject\",\"inLanguage\":\"en-US\",\"@id\":\"https:\/\/scisco.co\/#\/schema\/logo\/image\/\",\"url\":\"https:\/\/scisco.co\/wp-content\/uploads\/2022\/11\/Scisco-Foundation_Logo-ESP.png\",\"contentUrl\":\"https:\/\/scisco.co\/wp-content\/uploads\/2022\/11\/Scisco-Foundation_Logo-ESP.png\",\"width\":1896,\"height\":594,\"caption\":\"Scisco\"},\"image\":{\"@id\":\"https:\/\/scisco.co\/#\/schema\/logo\/image\/\"}}]}<\/script>\n<!-- \/ Yoast SEO plugin. -->","yoast_head_json":{"title":"C\u00e1ncer de Piel - Scisco","robots":{"index":"index","follow":"follow","max-snippet":"max-snippet:-1","max-image-preview":"max-image-preview:large","max-video-preview":"max-video-preview:-1"},"canonical":"https:\/\/scisco.co\/en\/proyectos\/cancer-y-comunidades-indigenas\/cancer-de-piel\/","og_locale":"en_US","og_type":"article","og_title":"C\u00e1ncer de Piel - Scisco","og_description":"Cancer de Piel https:\/\/www.youtube.com\/watch?v=fN8EYNX03vk Visitamos Natagaima, Tolima, donde tuvimos el honor de dialogar con l\u00edderes y lideresas de la Comunidad Pijao acerca del TA, que representa el sol, el padre [&hellip;]","og_url":"https:\/\/scisco.co\/en\/proyectos\/cancer-y-comunidades-indigenas\/cancer-de-piel\/","og_site_name":"Scisco","article_modified_time":"2023-10-23T00:42:37+00:00","og_image":[{"url":"https:\/\/scisco.co\/wp-content\/uploads\/2022\/10\/SCISCO_icono_proyectos.png"}],"twitter_card":"summary_large_image","twitter_misc":{"Est. reading time":"1 minute"},"schema":{"@context":"https:\/\/schema.org","@graph":[{"@type":"WebPage","@id":"https:\/\/scisco.co\/proyectos\/cancer-y-comunidades-indigenas\/cancer-de-piel\/","url":"https:\/\/scisco.co\/proyectos\/cancer-y-comunidades-indigenas\/cancer-de-piel\/","name":"C\u00e1ncer de Piel - Scisco","isPartOf":{"@id":"https:\/\/scisco.co\/#website"},"datePublished":"2023-06-21T06:50:39+00:00","dateModified":"2023-10-23T00:42:37+00:00","breadcrumb":{"@id":"https:\/\/scisco.co\/proyectos\/cancer-y-comunidades-indigenas\/cancer-de-piel\/#breadcrumb"},"inLanguage":"en-US","potentialAction":[{"@type":"ReadAction","target":["https:\/\/scisco.co\/proyectos\/cancer-y-comunidades-indigenas\/cancer-de-piel\/"]}]},{"@type":"BreadcrumbList","@id":"https:\/\/scisco.co\/proyectos\/cancer-y-comunidades-indigenas\/cancer-de-piel\/#breadcrumb","itemListElement":[{"@type":"ListItem","position":1,"name":"Portada","item":"https:\/\/scisco.co\/"},{"@type":"ListItem","position":2,"name":"Proyectos","item":"https:\/\/scisco.co\/proyectos\/"},{"@type":"ListItem","position":3,"name":"Cancer y Comunidades Ind\u00edgenas","item":"https:\/\/scisco.co\/proyectos\/cancer-y-comunidades-indigenas\/"},{"@type":"ListItem","position":4,"name":"C\u00e1ncer de Piel"}]},{"@type":"WebSite","@id":"https:\/\/scisco.co\/#website","url":"https:\/\/scisco.co\/","name":"Scisco","description":"","publisher":{"@id":"https:\/\/scisco.co\/#organization"},"potentialAction":[{"@type":"SearchAction","target":{"@type":"EntryPoint","urlTemplate":"https:\/\/scisco.co\/?s={search_term_string}"},"query-input":"required name=search_term_string"}],"inLanguage":"en-US"},{"@type":"Organization","@id":"https:\/\/scisco.co\/#organization","name":"Scisco","url":"https:\/\/scisco.co\/","logo":{"@type":"ImageObject","inLanguage":"en-US","@id":"https:\/\/scisco.co\/#\/schema\/logo\/image\/","url":"https:\/\/scisco.co\/wp-content\/uploads\/2022\/11\/Scisco-Foundation_Logo-ESP.png","contentUrl":"https:\/\/scisco.co\/wp-content\/uploads\/2022\/11\/Scisco-Foundation_Logo-ESP.png","width":1896,"height":594,"caption":"Scisco"},"image":{"@id":"https:\/\/scisco.co\/#\/schema\/logo\/image\/"}}]}},"_links":{"self":[{"href":"https:\/\/scisco.co\/en\/wp-json\/wp\/v2\/pages\/1947"}],"collection":[{"href":"https:\/\/scisco.co\/en\/wp-json\/wp\/v2\/pages"}],"about":[{"href":"https:\/\/scisco.co\/en\/wp-json\/wp\/v2\/types\/page"}],"author":[{"embeddable":true,"href":"https:\/\/scisco.co\/en\/wp-json\/wp\/v2\/users\/1"}],"replies":[{"embeddable":true,"href":"https:\/\/scisco.co\/en\/wp-json\/wp\/v2\/comments?post=1947"}],"version-history":[{"count":26,"href":"https:\/\/scisco.co\/en\/wp-json\/wp\/v2\/pages\/1947\/revisions"}],"predecessor-version":[{"id":2154,"href":"https:\/\/scisco.co\/en\/wp-json\/wp\/v2\/pages\/1947\/revisions\/2154"}],"up":[{"embeddable":true,"href":"https:\/\/scisco.co\/en\/wp-json\/wp\/v2\/pages\/1941"}],"wp:attachment":[{"href":"https:\/\/scisco.co\/en\/wp-json\/wp\/v2\/media?parent=1947"}],"curies":[{"name":"wp","href":"https:\/\/api.w.org\/{rel}","templated":true}]}}