{"id":1941,"date":"2023-06-21T01:43:39","date_gmt":"2023-06-21T01:43:39","guid":{"rendered":"https:\/\/www.scisco.co\/?page_id=1941"},"modified":"2024-04-16T18:05:01","modified_gmt":"2024-04-16T18:05:01","slug":"cancer-y-comunidades-indigenas","status":"publish","type":"page","link":"https:\/\/scisco.co\/en\/proyectos\/cancer-y-comunidades-indigenas\/","title":{"rendered":"Cancer y Comunidades Ind\u00edgenas"},"content":{"rendered":"<div data-elementor-type=\"wp-page\" data-elementor-id=\"1941\" class=\"elementor elementor-1941\">\n\t\t\t\t\t\t\t<div class=\"elementor-element elementor-element-91ce263 e-con-boxed e-con\" data-id=\"91ce263\" data-element_type=\"container\" data-settings=\"{&quot;background_background&quot;:&quot;classic&quot;,&quot;content_width&quot;:&quot;boxed&quot;}\">\n\t\t\t\t\t<div class=\"e-con-inner\">\n\t\t\t\t<div class=\"elementor-element elementor-element-05a2bd4 elementor-widget__width-initial elementor-widget elementor-widget-image\" data-id=\"05a2bd4\" data-element_type=\"widget\" data-widget_type=\"image.default\">\n\t\t\t\t<div class=\"elementor-widget-container\">\n\t\t\t<style>\/*! elementor - v3.9.2 - 21-12-2022 *\/\n.elementor-widget-image{text-align:center}.elementor-widget-image a{display:inline-block}.elementor-widget-image a img[src$=\".svg\"]{width:48px}.elementor-widget-image img{vertical-align:middle;display:inline-block}<\/style>\t\t\t\t\t\t\t\t\t\t\t\t<img decoding=\"async\" width=\"416\" height=\"415\" src=\"https:\/\/scisco.co\/wp-content\/uploads\/2022\/10\/SCISCO_icono_proyectos.png\" class=\"attachment-full size-full wp-image-171\" alt=\"\" loading=\"lazy\" srcset=\"https:\/\/scisco.co\/wp-content\/uploads\/2022\/10\/SCISCO_icono_proyectos.png 416w, https:\/\/scisco.co\/wp-content\/uploads\/2022\/10\/SCISCO_icono_proyectos-300x300.png 300w, https:\/\/scisco.co\/wp-content\/uploads\/2022\/10\/SCISCO_icono_proyectos-150x150.png 150w\" sizes=\"(max-width: 416px) 100vw, 416px\" \/>\t\t\t\t\t\t\t\t\t\t\t\t\t\t\t<\/div>\n\t\t\t\t<\/div>\n\t\t\t\t<div class=\"elementor-element elementor-element-370e01a elementor-widget elementor-widget-heading\" data-id=\"370e01a\" data-element_type=\"widget\" data-widget_type=\"heading.default\">\n\t\t\t\t<div class=\"elementor-widget-container\">\n\t\t\t<style>\/*! elementor - v3.9.2 - 21-12-2022 *\/\n.elementor-heading-title{padding:0;margin:0;line-height:1}.elementor-widget-heading .elementor-heading-title[class*=elementor-size-]>a{color:inherit;font-size:inherit;line-height:inherit}.elementor-widget-heading .elementor-heading-title.elementor-size-small{font-size:15px}.elementor-widget-heading .elementor-heading-title.elementor-size-medium{font-size:19px}.elementor-widget-heading .elementor-heading-title.elementor-size-large{font-size:29px}.elementor-widget-heading .elementor-heading-title.elementor-size-xl{font-size:39px}.elementor-widget-heading .elementor-heading-title.elementor-size-xxl{font-size:59px}<\/style><h1 class=\"elementor-heading-title elementor-size-default\">Cancer y Comunidades Ind\u00edgenas<\/h1>\t\t<\/div>\n\t\t\t\t<\/div>\n\t\t<div class=\"elementor-element elementor-element-f362147 e-con-full e-con\" data-id=\"f362147\" data-element_type=\"container\" data-settings=\"{&quot;content_width&quot;:&quot;full&quot;}\">\n\t\t\t\t<div class=\"elementor-element elementor-element-892f9ce elementor-widget elementor-widget-text-editor\" data-id=\"892f9ce\" data-element_type=\"widget\" data-widget_type=\"text-editor.default\">\n\t\t\t\t<div class=\"elementor-widget-container\">\n\t\t\t<style>\/*! elementor - v3.9.2 - 21-12-2022 *\/\n.elementor-widget-text-editor.elementor-drop-cap-view-stacked .elementor-drop-cap{background-color:#818a91;color:#fff}.elementor-widget-text-editor.elementor-drop-cap-view-framed .elementor-drop-cap{color:#818a91;border:3px solid;background-color:transparent}.elementor-widget-text-editor:not(.elementor-drop-cap-view-default) .elementor-drop-cap{margin-top:8px}.elementor-widget-text-editor:not(.elementor-drop-cap-view-default) .elementor-drop-cap-letter{width:1em;height:1em}.elementor-widget-text-editor .elementor-drop-cap{float:left;text-align:center;line-height:1;font-size:50px}.elementor-widget-text-editor .elementor-drop-cap-letter{display:inline-block}<\/style>\t\t\t\t<p style=\"text-align: center;\"><span style=\"color: #ffff99;\">La Fundaci\u00f3n SCISCO trabaja en estrecha colaboraci\u00f3n con comunidades ind\u00edgenas de Colombia para abordar desaf\u00edos \u00fanicos relacionados con la prevenci\u00f3n, diagn\u00f3stico y tratamiento del c\u00e1ncer. Utilizando m\u00e9todos de investigaci\u00f3n cualitativos y cuantitativos, buscan mejorar la salud en estas comunidades y desarrollar un enfoque integral para combatir el c\u00e1ncer.<\/span><\/p>\t\t\t\t\t\t<\/div>\n\t\t\t\t<\/div>\n\t\t\t\t<\/div>\n\t\t\t\t\t<\/div>\n\t\t\t\t<\/div>\n\t\t<div class=\"elementor-element elementor-element-78535a9 e-con-boxed e-con\" data-id=\"78535a9\" data-element_type=\"container\" data-settings=\"{&quot;content_width&quot;:&quot;boxed&quot;}\">\n\t\t\t\t\t<div class=\"e-con-inner\">\n\t\t<div class=\"elementor-element elementor-element-1be0d82 e-con-boxed e-con\" data-id=\"1be0d82\" data-element_type=\"container\" data-settings=\"{&quot;background_background&quot;:&quot;classic&quot;,&quot;content_width&quot;:&quot;boxed&quot;}\">\n\t\t\t\t\t<div class=\"e-con-inner\">\n\t\t\t\t<div class=\"elementor-element elementor-element-fbff2a8 elementor-widget elementor-widget-heading\" data-id=\"fbff2a8\" data-element_type=\"widget\" data-widget_type=\"heading.default\">\n\t\t\t\t<div class=\"elementor-widget-container\">\n\t\t\t<h2 class=\"elementor-heading-title elementor-size-default\">Desaf\u00edos en Comunidades Ind\u00edgenas:<\/h2>\t\t<\/div>\n\t\t\t\t<\/div>\n\t\t\t\t<div class=\"elementor-element elementor-element-8be7e2f elementor-widget elementor-widget-text-editor\" data-id=\"8be7e2f\" data-element_type=\"widget\" data-widget_type=\"text-editor.default\">\n\t\t\t\t<div class=\"elementor-widget-container\">\n\t\t\t\t\t\t\t<p>Las comunidades ind\u00edgenas de Colombia a menudo se encuentran en desventaja en t\u00e9rminos de acceso a atenci\u00f3n m\u00e9dica, informaci\u00f3n sobre el c\u00e1ncer y recursos necesarios para el diagn\u00f3stico y tratamiento. Esto se agrava por las barreras culturales y ling\u00fc\u00edsticas que dificultan la comunicaci\u00f3n y la comprensi\u00f3n de la enfermedad. Adem\u00e1s, los enfoques de salud convencionales a menudo no tienen en cuenta las necesidades espec\u00edficas de estas comunidades.<\/p>\t\t\t\t\t\t<\/div>\n\t\t\t\t<\/div>\n\t\t<div class=\"elementor-element elementor-element-78b59c2 e-con-full e-con\" data-id=\"78b59c2\" data-element_type=\"container\" data-settings=\"{&quot;content_width&quot;:&quot;full&quot;}\">\n\t\t<div class=\"elementor-element elementor-element-3978b05 e-con-full e-con\" data-id=\"3978b05\" data-element_type=\"container\" data-settings=\"{&quot;content_width&quot;:&quot;full&quot;}\">\n\t\t\t\t<div class=\"elementor-element elementor-element-3d87606 elementor-widget elementor-widget-text-editor\" data-id=\"3d87606\" data-element_type=\"widget\" data-widget_type=\"text-editor.default\">\n\t\t\t\t<div class=\"elementor-widget-container\">\n\t\t\t\t\t\t\t<p>La Fundaci\u00f3n SCISCO se compromete a abordar estos desaf\u00edos mediante la implementaci\u00f3n de m\u00e9todos de investigaci\u00f3n rigurosos:<\/p><ol><li><p><strong>Investigaci\u00f3n Cualitativa:<\/strong> Trabajamos de cerca con las comunidades ind\u00edgenas, sus l\u00edderes y miembros para entender sus creencias, pr\u00e1cticas culturales y barreras \u00fanicas en relaci\u00f3n con el c\u00e1ncer. Esto nos permite adaptar nuestras estrategias y servicios de acuerdo a sus necesidades y valores.<\/p><\/li><li><p><strong>Investigaci\u00f3n Cuantitativa:<\/strong> Recopilamos datos estad\u00edsticos y cient\u00edficos para comprender la prevalencia y la carga del c\u00e1ncer en estas comunidades. Esto es esencial para abogar por pol\u00edticas de salud efectivas y asignaci\u00f3n de recursos.<\/p><\/li><\/ol>\t\t\t\t\t\t<\/div>\n\t\t\t\t<\/div>\n\t\t\t\t<\/div>\n\t\t\t\t<\/div>\n\t\t\t\t<div class=\"elementor-element elementor-element-81df67b elementor-widget elementor-widget-heading\" data-id=\"81df67b\" data-element_type=\"widget\" data-widget_type=\"heading.default\">\n\t\t\t\t<div class=\"elementor-widget-container\">\n\t\t\t<h2 class=\"elementor-heading-title elementor-size-default\">La investigaci\u00f3n es solo el primer paso.<\/h2>\t\t<\/div>\n\t\t\t\t<\/div>\n\t\t\t\t<div class=\"elementor-element elementor-element-31e3dac elementor-widget elementor-widget-text-editor\" data-id=\"31e3dac\" data-element_type=\"widget\" data-widget_type=\"text-editor.default\">\n\t\t\t\t<div class=\"elementor-widget-container\">\n\t\t\t\t\t\t\t<p>Nuestro enfoque integral implica:<\/p><ol><li><strong>Educaci\u00f3n y Concientizaci\u00f3n:<\/strong>\u00a0Trabajamos en colaboraci\u00f3n con las comunidades para proporcionar informaci\u00f3n sobre la prevenci\u00f3n del c\u00e1ncer, detecci\u00f3n temprana y acceso a servicios de salud.<\/li><li><strong>Acceso a Atenci\u00f3n M\u00e9dica:<\/strong>\u00a0Colaboramos con proveedores de atenci\u00f3n m\u00e9dica para establecer centros de atenci\u00f3n especializada en \u00e1reas ind\u00edgenas y garantizar que se respeten los enfoques culturales.<\/li><li><strong>Servicios de Prevenci\u00f3n:<\/strong>\u00a0Implementamos programas de prevenci\u00f3n espec\u00edficos para combatir los factores de riesgo de c\u00e1ncer en estas comunidades.<\/li><\/ol>\t\t\t\t\t\t<\/div>\n\t\t\t\t<\/div>\n\t\t\t\t<div class=\"elementor-element elementor-element-bc24d3a elementor-widget elementor-widget-heading\" data-id=\"bc24d3a\" data-element_type=\"widget\" data-widget_type=\"heading.default\">\n\t\t\t\t<div class=\"elementor-widget-container\">\n\t\t\t<h4 class=\"elementor-heading-title elementor-size-default\">Nuestros Proyectos en C\u00e1ncer:<\/h4>\t\t<\/div>\n\t\t\t\t<\/div>\n\t\t\t\t<div class=\"elementor-element elementor-element-63e1e3b elementor-widget elementor-widget-text-editor\" data-id=\"63e1e3b\" data-element_type=\"widget\" data-widget_type=\"text-editor.default\">\n\t\t\t\t<div class=\"elementor-widget-container\">\n\t\t\t\t\t\t\t<p style=\"padding-left: 80px;\">El Sol y Tu Piel<\/p>\t\t\t\t\t\t<\/div>\n\t\t\t\t<\/div>\n\t\t\t\t<div class=\"elementor-element elementor-element-3f49ae0 elementor-align-center elementor-widget elementor-widget-button\" data-id=\"3f49ae0\" data-element_type=\"widget\" data-widget_type=\"button.default\">\n\t\t\t\t<div class=\"elementor-widget-container\">\n\t\t\t\t\t<div class=\"elementor-button-wrapper\">\n\t\t\t<a href=\"https:\/\/scisco.co\/en\/proyectos\/cancer-y-comunidades-indigenas\/cancer-de-piel\/\" class=\"elementor-button-link elementor-button elementor-size-sm\" role=\"button\">\n\t\t\t\t\t\t<span class=\"elementor-button-content-wrapper\">\n\t\t\t\t\t\t<span class=\"elementor-button-text\">C\u00e1ncer de Piel<\/span>\n\t\t<\/span>\n\t\t\t\t\t<\/a>\n\t\t<\/div>\n\t\t\t\t<\/div>\n\t\t\t\t<\/div>\n\t\t\t\t<div class=\"elementor-element elementor-element-21868c6 elementor-widget elementor-widget-text-editor\" data-id=\"21868c6\" data-element_type=\"widget\" data-widget_type=\"text-editor.default\">\n\t\t\t\t<div class=\"elementor-widget-container\">\n\t\t\t\t\t\t\t<p style=\"padding-left: 80px;\">Prevenci\u00f3n de VPH y C\u00e1ncer de Cervix<\/p>\t\t\t\t\t\t<\/div>\n\t\t\t\t<\/div>\n\t\t\t\t<div class=\"elementor-element elementor-element-dbe5cbb elementor-align-center elementor-widget elementor-widget-button\" data-id=\"dbe5cbb\" data-element_type=\"widget\" data-widget_type=\"button.default\">\n\t\t\t\t<div class=\"elementor-widget-container\">\n\t\t\t\t\t<div class=\"elementor-button-wrapper\">\n\t\t\t<a href=\"https:\/\/scisco.co\/en\/proyectos\/cancer-y-comunidades-indigenas\/prevencion-de-vph\/\" class=\"elementor-button-link elementor-button elementor-size-sm\" role=\"button\">\n\t\t\t\t\t\t<span class=\"elementor-button-content-wrapper\">\n\t\t\t\t\t\t<span class=\"elementor-button-text\">VPH y C\u00e1ncer de Cervix<\/span>\n\t\t<\/span>\n\t\t\t\t\t<\/a>\n\t\t<\/div>\n\t\t\t\t<\/div>\n\t\t\t\t<\/div>\n\t\t\t\t<div class=\"elementor-element elementor-element-0cb337e elementor-widget elementor-widget-text-editor\" data-id=\"0cb337e\" data-element_type=\"widget\" data-widget_type=\"text-editor.default\">\n\t\t\t\t<div class=\"elementor-widget-container\">\n\t\t\t\t\t\t\t<p style=\"padding-left: 80px;\">Gu\u00edas de Pr\u00e1ctica Cl\u00ednica Oncol\u00f3gica<\/p>\t\t\t\t\t\t<\/div>\n\t\t\t\t<\/div>\n\t\t\t\t<div class=\"elementor-element elementor-element-cb0e1a8 elementor-align-center elementor-widget elementor-widget-button\" data-id=\"cb0e1a8\" data-element_type=\"widget\" data-widget_type=\"button.default\">\n\t\t\t\t<div class=\"elementor-widget-container\">\n\t\t\t\t\t<div class=\"elementor-button-wrapper\">\n\t\t\t<a href=\"https:\/\/scisco.co\/en\/proyectos\/cancer-y-comunidades-indigenas\/guias-de-practica-clinica-oncologica-para-comunidades-indigenas\/\" class=\"elementor-button-link elementor-button elementor-size-sm\" role=\"button\">\n\t\t\t\t\t\t<span class=\"elementor-button-content-wrapper\">\n\t\t\t\t\t\t<span class=\"elementor-button-text\">Gu\u00edas de C\u00e1ncer<\/span>\n\t\t<\/span>\n\t\t\t\t\t<\/a>\n\t\t<\/div>\n\t\t\t\t<\/div>\n\t\t\t\t<\/div>\n\t\t<div class=\"elementor-element elementor-element-d071e14 e-con-boxed e-con\" data-id=\"d071e14\" data-element_type=\"container\" data-settings=\"{&quot;background_background&quot;:&quot;classic&quot;,&quot;content_width&quot;:&quot;boxed&quot;}\">\n\t\t\t\t\t<div class=\"e-con-inner\">\n\t\t<div class=\"elementor-element elementor-element-53c423c e-con-full e-con\" data-id=\"53c423c\" data-element_type=\"container\" data-settings=\"{&quot;content_width&quot;:&quot;full&quot;}\">\n\t\t<div class=\"elementor-element elementor-element-65a6be0 e-con-full e-con\" data-id=\"65a6be0\" data-element_type=\"container\" data-settings=\"{&quot;content_width&quot;:&quot;full&quot;}\">\n\t\t\t\t<div class=\"elementor-element elementor-element-31193fb elementor-widget elementor-widget-text-editor\" data-id=\"31193fb\" data-element_type=\"widget\" data-widget_type=\"text-editor.default\">\n\t\t\t\t<div class=\"elementor-widget-container\">\n\t\t\t\t\t\t\t<p style=\"text-align: center;\"><img decoding=\"async\" loading=\"lazy\" class=\"alignnone size-medium wp-image-2115\" src=\"https:\/\/scisco.co\/wp-content\/uploads\/2023\/10\/WhatsApp-Image-2023-10-21-at-9.02.06-AM-1-225x300.jpeg\" alt=\"Medico en comunidad haciendo examenes de agudeza visual\" width=\"225\" height=\"300\" srcset=\"https:\/\/scisco.co\/wp-content\/uploads\/2023\/10\/WhatsApp-Image-2023-10-21-at-9.02.06-AM-1-225x300.jpeg 225w, https:\/\/scisco.co\/wp-content\/uploads\/2023\/10\/WhatsApp-Image-2023-10-21-at-9.02.06-AM-1-768x1024.jpeg 768w, https:\/\/scisco.co\/wp-content\/uploads\/2023\/10\/WhatsApp-Image-2023-10-21-at-9.02.06-AM-1-1152x1536.jpeg 1152w, https:\/\/scisco.co\/wp-content\/uploads\/2023\/10\/WhatsApp-Image-2023-10-21-at-9.02.06-AM-1-9x12.jpeg 9w, https:\/\/scisco.co\/wp-content\/uploads\/2023\/10\/WhatsApp-Image-2023-10-21-at-9.02.06-AM-1.jpeg 1200w\" sizes=\"(max-width: 225px) 100vw, 225px\" \/><\/p><p style=\"text-align: center;\">\u00danase a nosotros en este viaje para construir un futuro m\u00e1s saludable y equitativo para todos. Juntos, somos m\u00e1s fuertes, y juntos, hacemos la diferencia. Somos ciencia al servicio de la comunidad. Somos SCISCO<\/p>\t\t\t\t\t\t<\/div>\n\t\t\t\t<\/div>\n\t\t\t\t<\/div>\n\t\t\t\t<\/div>\n\t\t\t\t\t<\/div>\n\t\t\t\t<\/div>\n\t\t\t\t\t<\/div>\n\t\t\t\t<\/div>\n\t\t\t\t\t<\/div>\n\t\t\t\t<\/div>\n\t\t<div class=\"elementor-element elementor-element-6212223 e-con-boxed e-con\" data-id=\"6212223\" data-element_type=\"container\" data-settings=\"{&quot;content_width&quot;:&quot;boxed&quot;}\">\n\t\t\t\t\t<div class=\"e-con-inner\">\n\t\t\t\t<div class=\"elementor-element elementor-element-fa66f9e elementor-aspect-ratio-169 elementor-widget elementor-widget-video\" data-id=\"fa66f9e\" data-element_type=\"widget\" data-settings=\"{&quot;youtube_url&quot;:&quot;https:\\\/\\\/www.youtube.com\\\/watch?v=mF-2skMqC1g&quot;,&quot;autoplay&quot;:&quot;yes&quot;,&quot;video_type&quot;:&quot;youtube&quot;,&quot;controls&quot;:&quot;yes&quot;,&quot;aspect_ratio&quot;:&quot;169&quot;}\" data-widget_type=\"video.default\">\n\t\t\t\t<div class=\"elementor-widget-container\">\n\t\t\t<style>\/*! elementor - v3.9.2 - 21-12-2022 *\/\n.elementor-widget-video .elementor-widget-container{overflow:hidden;transform:translateZ(0)}.elementor-widget-video .elementor-open-inline .elementor-custom-embed-image-overlay{position:absolute;top:0;left:0;width:100%;height:100%;background-size:cover;background-position:50%}.elementor-widget-video .elementor-custom-embed-image-overlay{cursor:pointer;text-align:center}.elementor-widget-video .elementor-custom-embed-image-overlay:hover .elementor-custom-embed-play i{opacity:1}.elementor-widget-video .elementor-custom-embed-image-overlay img{display:block;width:100%}.elementor-widget-video .e-hosted-video .elementor-video{-o-object-fit:cover;object-fit:cover}.e-con-inner>.elementor-widget-video,.e-con>.elementor-widget-video{width:var(--container-widget-width);--flex-grow:var(--container-widget-flex-grow)}<\/style>\t\t<div class=\"elementor-wrapper elementor-fit-aspect-ratio elementor-open-inline\">\n\t\t\t<div class=\"elementor-video\"><\/div>\t\t<\/div>\n\t\t\t\t<\/div>\n\t\t\t\t<\/div>\n\t\t\t\t\t<\/div>\n\t\t\t\t<\/div>\n\t\t<div class=\"elementor-element elementor-element-1a40931 e-con-boxed e-con\" data-id=\"1a40931\" data-element_type=\"container\" data-settings=\"{&quot;content_width&quot;:&quot;boxed&quot;}\">\n\t\t\t\t\t<div class=\"e-con-inner\">\n\t\t\t\t<div class=\"elementor-element elementor-element-e897744 elementor-widget elementor-widget-button\" data-id=\"e897744\" data-element_type=\"widget\" data-widget_type=\"button.default\">\n\t\t\t\t<div class=\"elementor-widget-container\">\n\t\t\t\t\t<div class=\"elementor-button-wrapper\">\n\t\t\t<a href=\"https:\/\/www.gofundme.com\/f\/endoscopic-examinations-for-indigenous-community?utm_campaign=p_lico+share-sheet-first-launch&#038;utm_medium=copy_link&#038;utm_source=customer\" class=\"elementor-button-link elementor-button elementor-size-sm\" role=\"button\">\n\t\t\t\t\t\t<span class=\"elementor-button-content-wrapper\">\n\t\t\t\t\t\t<span class=\"elementor-button-text\">GoFoundMe<\/span>\n\t\t<\/span>\n\t\t\t\t\t<\/a>\n\t\t<\/div>\n\t\t\t\t<\/div>\n\t\t\t\t<\/div>\n\t\t\t\t\t<\/div>\n\t\t\t\t<\/div>\n\t\t\t\t\t\t\t<\/div>","protected":false},"excerpt":{"rendered":"<p>Cancer y Comunidades Ind\u00edgenas La Fundaci\u00f3n SCISCO trabaja en estrecha colaboraci\u00f3n con comunidades ind\u00edgenas de Colombia para abordar desaf\u00edos \u00fanicos relacionados con la prevenci\u00f3n, diagn\u00f3stico y tratamiento del c\u00e1ncer. Utilizando [&hellip;]<\/p>","protected":false},"author":1,"featured_media":0,"parent":1304,"menu_order":0,"comment_status":"closed","ping_status":"closed","template":"elementor_header_footer","meta":{"_coblocks_attr":"","_coblocks_dimensions":"","_coblocks_responsive_height":"","_coblocks_accordion_ie_support":"","hide_page_title":""},"yoast_head":"<!-- This site is optimized with the Yoast SEO plugin v19.13 - https:\/\/yoast.com\/wordpress\/plugins\/seo\/ -->\n<title>Cancer y Comunidades Ind\u00edgenas - Scisco<\/title>\n<meta name=\"robots\" content=\"index, follow, max-snippet:-1, max-image-preview:large, max-video-preview:-1\" \/>\n<link rel=\"canonical\" href=\"https:\/\/scisco.co\/en\/proyectos\/cancer-y-comunidades-indigenas\/\" \/>\n<meta property=\"og:locale\" content=\"en_US\" \/>\n<meta property=\"og:type\" content=\"article\" \/>\n<meta property=\"og:title\" content=\"Cancer y Comunidades Ind\u00edgenas - Scisco\" \/>\n<meta property=\"og:description\" content=\"Cancer y Comunidades Ind\u00edgenas La Fundaci\u00f3n SCISCO trabaja en estrecha colaboraci\u00f3n con comunidades ind\u00edgenas de Colombia para abordar desaf\u00edos \u00fanicos relacionados con la prevenci\u00f3n, diagn\u00f3stico y tratamiento del c\u00e1ncer. Utilizando [&hellip;]\" \/>\n<meta property=\"og:url\" content=\"https:\/\/scisco.co\/en\/proyectos\/cancer-y-comunidades-indigenas\/\" \/>\n<meta property=\"og:site_name\" content=\"Scisco\" \/>\n<meta property=\"article:modified_time\" content=\"2024-04-16T18:05:01+00:00\" \/>\n<meta property=\"og:image\" content=\"https:\/\/scisco.co\/wp-content\/uploads\/2022\/10\/SCISCO_icono_proyectos.png\" \/>\n<meta name=\"twitter:card\" content=\"summary_large_image\" \/>\n<meta name=\"twitter:label1\" content=\"Est. reading time\" \/>\n\t<meta name=\"twitter:data1\" content=\"3 minutes\" \/>\n<script type=\"application\/ld+json\" class=\"yoast-schema-graph\">{\"@context\":\"https:\/\/schema.org\",\"@graph\":[{\"@type\":\"WebPage\",\"@id\":\"https:\/\/scisco.co\/proyectos\/cancer-y-comunidades-indigenas\/\",\"url\":\"https:\/\/scisco.co\/proyectos\/cancer-y-comunidades-indigenas\/\",\"name\":\"Cancer y Comunidades Ind\u00edgenas - Scisco\",\"isPartOf\":{\"@id\":\"https:\/\/scisco.co\/#website\"},\"datePublished\":\"2023-06-21T01:43:39+00:00\",\"dateModified\":\"2024-04-16T18:05:01+00:00\",\"breadcrumb\":{\"@id\":\"https:\/\/scisco.co\/proyectos\/cancer-y-comunidades-indigenas\/#breadcrumb\"},\"inLanguage\":\"en-US\",\"potentialAction\":[{\"@type\":\"ReadAction\",\"target\":[\"https:\/\/scisco.co\/proyectos\/cancer-y-comunidades-indigenas\/\"]}]},{\"@type\":\"BreadcrumbList\",\"@id\":\"https:\/\/scisco.co\/proyectos\/cancer-y-comunidades-indigenas\/#breadcrumb\",\"itemListElement\":[{\"@type\":\"ListItem\",\"position\":1,\"name\":\"Portada\",\"item\":\"https:\/\/scisco.co\/\"},{\"@type\":\"ListItem\",\"position\":2,\"name\":\"Proyectos\",\"item\":\"https:\/\/scisco.co\/proyectos\/\"},{\"@type\":\"ListItem\",\"position\":3,\"name\":\"Cancer y Comunidades Ind\u00edgenas\"}]},{\"@type\":\"WebSite\",\"@id\":\"https:\/\/scisco.co\/#website\",\"url\":\"https:\/\/scisco.co\/\",\"name\":\"Scisco\",\"description\":\"\",\"publisher\":{\"@id\":\"https:\/\/scisco.co\/#organization\"},\"potentialAction\":[{\"@type\":\"SearchAction\",\"target\":{\"@type\":\"EntryPoint\",\"urlTemplate\":\"https:\/\/scisco.co\/?s={search_term_string}\"},\"query-input\":\"required name=search_term_string\"}],\"inLanguage\":\"en-US\"},{\"@type\":\"Organization\",\"@id\":\"https:\/\/scisco.co\/#organization\",\"name\":\"Scisco\",\"url\":\"https:\/\/scisco.co\/\",\"logo\":{\"@type\":\"ImageObject\",\"inLanguage\":\"en-US\",\"@id\":\"https:\/\/scisco.co\/#\/schema\/logo\/image\/\",\"url\":\"https:\/\/scisco.co\/wp-content\/uploads\/2022\/11\/Scisco-Foundation_Logo-ESP.png\",\"contentUrl\":\"https:\/\/scisco.co\/wp-content\/uploads\/2022\/11\/Scisco-Foundation_Logo-ESP.png\",\"width\":1896,\"height\":594,\"caption\":\"Scisco\"},\"image\":{\"@id\":\"https:\/\/scisco.co\/#\/schema\/logo\/image\/\"}}]}<\/script>\n<!-- \/ Yoast SEO plugin. -->","yoast_head_json":{"title":"Cancer y Comunidades Ind\u00edgenas - Scisco","robots":{"index":"index","follow":"follow","max-snippet":"max-snippet:-1","max-image-preview":"max-image-preview:large","max-video-preview":"max-video-preview:-1"},"canonical":"https:\/\/scisco.co\/en\/proyectos\/cancer-y-comunidades-indigenas\/","og_locale":"en_US","og_type":"article","og_title":"Cancer y Comunidades Ind\u00edgenas - Scisco","og_description":"Cancer y Comunidades Ind\u00edgenas La Fundaci\u00f3n SCISCO trabaja en estrecha colaboraci\u00f3n con comunidades ind\u00edgenas de Colombia para abordar desaf\u00edos \u00fanicos relacionados con la prevenci\u00f3n, diagn\u00f3stico y tratamiento del c\u00e1ncer. Utilizando [&hellip;]","og_url":"https:\/\/scisco.co\/en\/proyectos\/cancer-y-comunidades-indigenas\/","og_site_name":"Scisco","article_modified_time":"2024-04-16T18:05:01+00:00","og_image":[{"url":"https:\/\/scisco.co\/wp-content\/uploads\/2022\/10\/SCISCO_icono_proyectos.png"}],"twitter_card":"summary_large_image","twitter_misc":{"Est. reading time":"3 minutes"},"schema":{"@context":"https:\/\/schema.org","@graph":[{"@type":"WebPage","@id":"https:\/\/scisco.co\/proyectos\/cancer-y-comunidades-indigenas\/","url":"https:\/\/scisco.co\/proyectos\/cancer-y-comunidades-indigenas\/","name":"Cancer y Comunidades Ind\u00edgenas - Scisco","isPartOf":{"@id":"https:\/\/scisco.co\/#website"},"datePublished":"2023-06-21T01:43:39+00:00","dateModified":"2024-04-16T18:05:01+00:00","breadcrumb":{"@id":"https:\/\/scisco.co\/proyectos\/cancer-y-comunidades-indigenas\/#breadcrumb"},"inLanguage":"en-US","potentialAction":[{"@type":"ReadAction","target":["https:\/\/scisco.co\/proyectos\/cancer-y-comunidades-indigenas\/"]}]},{"@type":"BreadcrumbList","@id":"https:\/\/scisco.co\/proyectos\/cancer-y-comunidades-indigenas\/#breadcrumb","itemListElement":[{"@type":"ListItem","position":1,"name":"Portada","item":"https:\/\/scisco.co\/"},{"@type":"ListItem","position":2,"name":"Proyectos","item":"https:\/\/scisco.co\/proyectos\/"},{"@type":"ListItem","position":3,"name":"Cancer y Comunidades Ind\u00edgenas"}]},{"@type":"WebSite","@id":"https:\/\/scisco.co\/#website","url":"https:\/\/scisco.co\/","name":"Scisco","description":"","publisher":{"@id":"https:\/\/scisco.co\/#organization"},"potentialAction":[{"@type":"SearchAction","target":{"@type":"EntryPoint","urlTemplate":"https:\/\/scisco.co\/?s={search_term_string}"},"query-input":"required name=search_term_string"}],"inLanguage":"en-US"},{"@type":"Organization","@id":"https:\/\/scisco.co\/#organization","name":"Scisco","url":"https:\/\/scisco.co\/","logo":{"@type":"ImageObject","inLanguage":"en-US","@id":"https:\/\/scisco.co\/#\/schema\/logo\/image\/","url":"https:\/\/scisco.co\/wp-content\/uploads\/2022\/11\/Scisco-Foundation_Logo-ESP.png","contentUrl":"https:\/\/scisco.co\/wp-content\/uploads\/2022\/11\/Scisco-Foundation_Logo-ESP.png","width":1896,"height":594,"caption":"Scisco"},"image":{"@id":"https:\/\/scisco.co\/#\/schema\/logo\/image\/"}}]}},"_links":{"self":[{"href":"https:\/\/scisco.co\/en\/wp-json\/wp\/v2\/pages\/1941"}],"collection":[{"href":"https:\/\/scisco.co\/en\/wp-json\/wp\/v2\/pages"}],"about":[{"href":"https:\/\/scisco.co\/en\/wp-json\/wp\/v2\/types\/page"}],"author":[{"embeddable":true,"href":"https:\/\/scisco.co\/en\/wp-json\/wp\/v2\/users\/1"}],"replies":[{"embeddable":true,"href":"https:\/\/scisco.co\/en\/wp-json\/wp\/v2\/comments?post=1941"}],"version-history":[{"count":50,"href":"https:\/\/scisco.co\/en\/wp-json\/wp\/v2\/pages\/1941\/revisions"}],"predecessor-version":[{"id":2250,"href":"https:\/\/scisco.co\/en\/wp-json\/wp\/v2\/pages\/1941\/revisions\/2250"}],"up":[{"embeddable":true,"href":"https:\/\/scisco.co\/en\/wp-json\/wp\/v2\/pages\/1304"}],"wp:attachment":[{"href":"https:\/\/scisco.co\/en\/wp-json\/wp\/v2\/media?parent=1941"}],"curies":[{"name":"wp","href":"https:\/\/api.w.org\/{rel}","templated":true}]}}