{"id":1307,"date":"2022-11-24T15:31:24","date_gmt":"2022-11-24T15:31:24","guid":{"rendered":"https:\/\/www.scisco.co\/?page_id=1307"},"modified":"2022-11-24T17:21:11","modified_gmt":"2022-11-24T17:21:11","slug":"legal","status":"publish","type":"page","link":"https:\/\/scisco.co\/en\/legal\/","title":{"rendered":"Legal"},"content":{"rendered":"<div data-elementor-type=\"wp-page\" data-elementor-id=\"1307\" class=\"elementor elementor-1307\">\n\t\t\t\t\t\t\t<div class=\"elementor-element elementor-element-4d5cd33 e-con-full e-con\" data-id=\"4d5cd33\" data-element_type=\"container\" data-settings=\"{&quot;content_width&quot;:&quot;full&quot;,&quot;background_background&quot;:&quot;classic&quot;}\">\n\t\t<div class=\"elementor-element elementor-element-72913ad e-con-full e-con\" data-id=\"72913ad\" data-element_type=\"container\" data-settings=\"{&quot;background_background&quot;:&quot;classic&quot;,&quot;content_width&quot;:&quot;full&quot;}\">\n\t\t\t\t<div class=\"elementor-element elementor-element-4a1adfc elementor-widget-mobile__width-initial elementor-widget elementor-widget-heading\" data-id=\"4a1adfc\" data-element_type=\"widget\" data-widget_type=\"heading.default\">\n\t\t\t\t<div class=\"elementor-widget-container\">\n\t\t\t<style>\/*! elementor - v3.9.2 - 21-12-2022 *\/\n.elementor-heading-title{padding:0;margin:0;line-height:1}.elementor-widget-heading .elementor-heading-title[class*=elementor-size-]>a{color:inherit;font-size:inherit;line-height:inherit}.elementor-widget-heading .elementor-heading-title.elementor-size-small{font-size:15px}.elementor-widget-heading .elementor-heading-title.elementor-size-medium{font-size:19px}.elementor-widget-heading .elementor-heading-title.elementor-size-large{font-size:29px}.elementor-widget-heading .elementor-heading-title.elementor-size-xl{font-size:39px}.elementor-widget-heading .elementor-heading-title.elementor-size-xxl{font-size:59px}<\/style><h1 class=\"elementor-heading-title elementor-size-default\">Legal<\/h1>\t\t<\/div>\n\t\t\t\t<\/div>\n\t\t\t\t<\/div>\n\t\t\t\t<\/div>\n\t\t<div class=\"elementor-element elementor-element-0fba6a2 e-con-full e-con\" data-id=\"0fba6a2\" data-element_type=\"container\" data-settings=\"{&quot;content_width&quot;:&quot;full&quot;,&quot;background_background&quot;:&quot;classic&quot;}\">\n\t\t<div class=\"elementor-element elementor-element-ca216f2 e-con-full e-con\" data-id=\"ca216f2\" data-element_type=\"container\" data-settings=\"{&quot;content_width&quot;:&quot;full&quot;}\">\n\t\t\t\t<div class=\"elementor-element elementor-element-660a7f3 elementor-widget__width-initial elementor-widget elementor-widget-text-editor\" data-id=\"660a7f3\" data-element_type=\"widget\" data-widget_type=\"text-editor.default\">\n\t\t\t\t<div class=\"elementor-widget-container\">\n\t\t\t<style>\/*! elementor - v3.9.2 - 21-12-2022 *\/\n.elementor-widget-text-editor.elementor-drop-cap-view-stacked .elementor-drop-cap{background-color:#818a91;color:#fff}.elementor-widget-text-editor.elementor-drop-cap-view-framed .elementor-drop-cap{color:#818a91;border:3px solid;background-color:transparent}.elementor-widget-text-editor:not(.elementor-drop-cap-view-default) .elementor-drop-cap{margin-top:8px}.elementor-widget-text-editor:not(.elementor-drop-cap-view-default) .elementor-drop-cap-letter{width:1em;height:1em}.elementor-widget-text-editor .elementor-drop-cap{float:left;text-align:center;line-height:1;font-size:50px}.elementor-widget-text-editor .elementor-drop-cap-letter{display:inline-block}<\/style>\t\t\t\t<p><span style=\"font-weight: 400;\">Somos una <strong>ONG en Colombia creada en el a\u00f1o 2016<\/strong>, constituida legalmente en el mes de Octubre del a\u00f1o 2016, en la actualidad numeral 4 r\u00e9gimen tributario especial. Trabajamos principalmente en pro del avance de la ciencia y la salud p\u00fablica en Colombia.<\/span><\/p>\t\t\t\t\t\t<\/div>\n\t\t\t\t<\/div>\n\t\t\t\t<\/div>\n\t\t<div class=\"elementor-element elementor-element-4121def e-con-full e-con\" data-id=\"4121def\" data-element_type=\"container\" data-settings=\"{&quot;content_width&quot;:&quot;full&quot;}\">\n\t\t\t\t<div class=\"elementor-element elementor-element-c39dd52 elementor-widget__width-initial elementor-widget elementor-widget-text-editor\" data-id=\"c39dd52\" data-element_type=\"widget\" data-widget_type=\"text-editor.default\">\n\t\t\t\t<div class=\"elementor-widget-container\">\n\t\t\t\t\t\t\t<p>Certificado de c\u00e1mara y comercio<\/p>\t\t\t\t\t\t<\/div>\n\t\t\t\t<\/div>\n\t\t\t\t<div class=\"elementor-element elementor-element-a992bb0 elementor-align-center elementor-widget elementor-widget-button\" data-id=\"a992bb0\" data-element_type=\"widget\" data-widget_type=\"button.default\">\n\t\t\t\t<div class=\"elementor-widget-container\">\n\t\t\t\t\t<div class=\"elementor-button-wrapper\">\n\t\t\t<a href=\"https:\/\/drive.google.com\/file\/d\/1Aoax4Vlhb99ZNYoY-MrDgtV-r0E_iwzh\/view?usp=share_link\" class=\"elementor-button-link elementor-button elementor-size-md\" role=\"button\">\n\t\t\t\t\t\t<span class=\"elementor-button-content-wrapper\">\n\t\t\t\t\t\t<span class=\"elementor-button-text\">VER <\/span>\n\t\t<\/span>\n\t\t\t\t\t<\/a>\n\t\t<\/div>\n\t\t\t\t<\/div>\n\t\t\t\t<\/div>\n\t\t\t\t<\/div>\n\t\t<div class=\"elementor-element elementor-element-e2ab45f e-con-full e-con\" data-id=\"e2ab45f\" data-element_type=\"container\" data-settings=\"{&quot;content_width&quot;:&quot;full&quot;}\">\n\t\t\t\t<div class=\"elementor-element elementor-element-c821338 elementor-widget__width-initial elementor-widget elementor-widget-text-editor\" data-id=\"c821338\" data-element_type=\"widget\" data-widget_type=\"text-editor.default\">\n\t\t\t\t<div class=\"elementor-widget-container\">\n\t\t\t\t\t\t\t<p>RUT<\/p>\t\t\t\t\t\t<\/div>\n\t\t\t\t<\/div>\n\t\t\t\t<div class=\"elementor-element elementor-element-c526e3d elementor-align-center elementor-widget elementor-widget-button\" data-id=\"c526e3d\" data-element_type=\"widget\" data-widget_type=\"button.default\">\n\t\t\t\t<div class=\"elementor-widget-container\">\n\t\t\t\t\t<div class=\"elementor-button-wrapper\">\n\t\t\t<a href=\"https:\/\/drive.google.com\/file\/d\/14AKj6Lsrg-x3RGg1c6uD9LeuqQWz3Fnf\/view?usp=share_link\" class=\"elementor-button-link elementor-button elementor-size-md\" role=\"button\">\n\t\t\t\t\t\t<span class=\"elementor-button-content-wrapper\">\n\t\t\t\t\t\t<span class=\"elementor-button-text\">VER <\/span>\n\t\t<\/span>\n\t\t\t\t\t<\/a>\n\t\t<\/div>\n\t\t\t\t<\/div>\n\t\t\t\t<\/div>\n\t\t\t\t<\/div>\n\t\t<div class=\"elementor-element elementor-element-db57514 e-con-full e-con\" data-id=\"db57514\" data-element_type=\"container\" data-settings=\"{&quot;content_width&quot;:&quot;full&quot;}\">\n\t\t\t\t<div class=\"elementor-element elementor-element-6eefe94 elementor-widget__width-initial elementor-widget elementor-widget-text-editor\" data-id=\"6eefe94\" data-element_type=\"widget\" data-widget_type=\"text-editor.default\">\n\t\t\t\t<div class=\"elementor-widget-container\">\n\t\t\t\t\t\t\t<p>Acta de constituci\u00f3n<\/p>\t\t\t\t\t\t<\/div>\n\t\t\t\t<\/div>\n\t\t\t\t<div class=\"elementor-element elementor-element-0813397 elementor-align-center elementor-widget elementor-widget-button\" data-id=\"0813397\" data-element_type=\"widget\" data-widget_type=\"button.default\">\n\t\t\t\t<div class=\"elementor-widget-container\">\n\t\t\t\t\t<div class=\"elementor-button-wrapper\">\n\t\t\t<a href=\"https:\/\/drive.google.com\/file\/d\/1e3-mwa8Wh_Sg1pzqlRwrQ2VJiqVjBuAh\/view?usp=share_link\" class=\"elementor-button-link elementor-button elementor-size-md\" role=\"button\">\n\t\t\t\t\t\t<span class=\"elementor-button-content-wrapper\">\n\t\t\t\t\t\t<span class=\"elementor-button-text\">VER <\/span>\n\t\t<\/span>\n\t\t\t\t\t<\/a>\n\t\t<\/div>\n\t\t\t\t<\/div>\n\t\t\t\t<\/div>\n\t\t\t\t<\/div>\n\t\t<div class=\"elementor-element elementor-element-05b029c e-con-full e-con\" data-id=\"05b029c\" data-element_type=\"container\" data-settings=\"{&quot;content_width&quot;:&quot;full&quot;}\">\n\t\t\t\t<div class=\"elementor-element elementor-element-19d6cc4 elementor-widget__width-initial elementor-widget elementor-widget-text-editor\" data-id=\"19d6cc4\" data-element_type=\"widget\" data-widget_type=\"text-editor.default\">\n\t\t\t\t<div class=\"elementor-widget-container\">\n\t\t\t\t\t\t\t<p>Estatutos<\/p>\t\t\t\t\t\t<\/div>\n\t\t\t\t<\/div>\n\t\t\t\t<div class=\"elementor-element elementor-element-d6b9df9 elementor-align-center elementor-widget elementor-widget-button\" data-id=\"d6b9df9\" data-element_type=\"widget\" data-widget_type=\"button.default\">\n\t\t\t\t<div class=\"elementor-widget-container\">\n\t\t\t\t\t<div class=\"elementor-button-wrapper\">\n\t\t\t<a href=\"https:\/\/drive.google.com\/file\/d\/1IVvDSg6tSGYj_6qewSN8o4OeGTl-JarR\/view?usp=share_link\" class=\"elementor-button-link elementor-button elementor-size-md\" role=\"button\">\n\t\t\t\t\t\t<span class=\"elementor-button-content-wrapper\">\n\t\t\t\t\t\t<span class=\"elementor-button-text\">VER <\/span>\n\t\t<\/span>\n\t\t\t\t\t<\/a>\n\t\t<\/div>\n\t\t\t\t<\/div>\n\t\t\t\t<\/div>\n\t\t\t\t<\/div>\n\t\t\t\t<\/div>\n\t\t\t\t\t\t\t<\/div>","protected":false},"excerpt":{"rendered":"<p>Legal Somos una ONG en Colombia creada en el a\u00f1o 2016, constituida legalmente en el mes de Octubre del a\u00f1o 2016, en la actualidad numeral 4 r\u00e9gimen tributario especial. Trabajamos [&hellip;]<\/p>","protected":false},"author":1,"featured_media":0,"parent":0,"menu_order":8,"comment_status":"closed","ping_status":"closed","template":"elementor_header_footer","meta":{"_coblocks_attr":"","_coblocks_dimensions":"","_coblocks_responsive_height":"","_coblocks_accordion_ie_support":"","hide_page_title":""},"yoast_head":"<!-- This site is optimized with the Yoast SEO plugin v19.13 - https:\/\/yoast.com\/wordpress\/plugins\/seo\/ -->\n<title>Legal - Scisco<\/title>\n<meta name=\"robots\" content=\"index, follow, max-snippet:-1, max-image-preview:large, max-video-preview:-1\" \/>\n<link rel=\"canonical\" href=\"https:\/\/scisco.co\/en\/legal\/\" \/>\n<meta property=\"og:locale\" content=\"en_US\" \/>\n<meta property=\"og:type\" content=\"article\" \/>\n<meta property=\"og:title\" content=\"Legal - Scisco\" \/>\n<meta property=\"og:description\" content=\"Legal Somos una ONG en Colombia creada en el a\u00f1o 2016, constituida legalmente en el mes de Octubre del a\u00f1o 2016, en la actualidad numeral 4 r\u00e9gimen tributario especial. Trabajamos [&hellip;]\" \/>\n<meta property=\"og:url\" content=\"https:\/\/scisco.co\/en\/legal\/\" \/>\n<meta property=\"og:site_name\" content=\"Scisco\" \/>\n<meta property=\"article:modified_time\" content=\"2022-11-24T17:21:11+00:00\" \/>\n<meta name=\"twitter:card\" content=\"summary_large_image\" \/>\n<meta name=\"twitter:label1\" content=\"Est. reading time\" \/>\n\t<meta name=\"twitter:data1\" content=\"1 minute\" \/>\n<script type=\"application\/ld+json\" class=\"yoast-schema-graph\">{\"@context\":\"https:\/\/schema.org\",\"@graph\":[{\"@type\":\"WebPage\",\"@id\":\"https:\/\/scisco.co\/legal\/\",\"url\":\"https:\/\/scisco.co\/legal\/\",\"name\":\"Legal - Scisco\",\"isPartOf\":{\"@id\":\"https:\/\/scisco.co\/#website\"},\"datePublished\":\"2022-11-24T15:31:24+00:00\",\"dateModified\":\"2022-11-24T17:21:11+00:00\",\"breadcrumb\":{\"@id\":\"https:\/\/scisco.co\/legal\/#breadcrumb\"},\"inLanguage\":\"en-US\",\"potentialAction\":[{\"@type\":\"ReadAction\",\"target\":[\"https:\/\/scisco.co\/legal\/\"]}]},{\"@type\":\"BreadcrumbList\",\"@id\":\"https:\/\/scisco.co\/legal\/#breadcrumb\",\"itemListElement\":[{\"@type\":\"ListItem\",\"position\":1,\"name\":\"Portada\",\"item\":\"https:\/\/scisco.co\/\"},{\"@type\":\"ListItem\",\"position\":2,\"name\":\"Legal\"}]},{\"@type\":\"WebSite\",\"@id\":\"https:\/\/scisco.co\/#website\",\"url\":\"https:\/\/scisco.co\/\",\"name\":\"Scisco\",\"description\":\"\",\"publisher\":{\"@id\":\"https:\/\/scisco.co\/#organization\"},\"potentialAction\":[{\"@type\":\"SearchAction\",\"target\":{\"@type\":\"EntryPoint\",\"urlTemplate\":\"https:\/\/scisco.co\/?s={search_term_string}\"},\"query-input\":\"required name=search_term_string\"}],\"inLanguage\":\"en-US\"},{\"@type\":\"Organization\",\"@id\":\"https:\/\/scisco.co\/#organization\",\"name\":\"Scisco\",\"url\":\"https:\/\/scisco.co\/\",\"logo\":{\"@type\":\"ImageObject\",\"inLanguage\":\"en-US\",\"@id\":\"https:\/\/scisco.co\/#\/schema\/logo\/image\/\",\"url\":\"https:\/\/scisco.co\/wp-content\/uploads\/2022\/11\/Scisco-Foundation_Logo-ESP.png\",\"contentUrl\":\"https:\/\/scisco.co\/wp-content\/uploads\/2022\/11\/Scisco-Foundation_Logo-ESP.png\",\"width\":1896,\"height\":594,\"caption\":\"Scisco\"},\"image\":{\"@id\":\"https:\/\/scisco.co\/#\/schema\/logo\/image\/\"}}]}<\/script>\n<!-- \/ Yoast SEO plugin. -->","yoast_head_json":{"title":"Legal - Scisco","robots":{"index":"index","follow":"follow","max-snippet":"max-snippet:-1","max-image-preview":"max-image-preview:large","max-video-preview":"max-video-preview:-1"},"canonical":"https:\/\/scisco.co\/en\/legal\/","og_locale":"en_US","og_type":"article","og_title":"Legal - Scisco","og_description":"Legal Somos una ONG en Colombia creada en el a\u00f1o 2016, constituida legalmente en el mes de Octubre del a\u00f1o 2016, en la actualidad numeral 4 r\u00e9gimen tributario especial. Trabajamos [&hellip;]","og_url":"https:\/\/scisco.co\/en\/legal\/","og_site_name":"Scisco","article_modified_time":"2022-11-24T17:21:11+00:00","twitter_card":"summary_large_image","twitter_misc":{"Est. reading time":"1 minute"},"schema":{"@context":"https:\/\/schema.org","@graph":[{"@type":"WebPage","@id":"https:\/\/scisco.co\/legal\/","url":"https:\/\/scisco.co\/legal\/","name":"Legal - Scisco","isPartOf":{"@id":"https:\/\/scisco.co\/#website"},"datePublished":"2022-11-24T15:31:24+00:00","dateModified":"2022-11-24T17:21:11+00:00","breadcrumb":{"@id":"https:\/\/scisco.co\/legal\/#breadcrumb"},"inLanguage":"en-US","potentialAction":[{"@type":"ReadAction","target":["https:\/\/scisco.co\/legal\/"]}]},{"@type":"BreadcrumbList","@id":"https:\/\/scisco.co\/legal\/#breadcrumb","itemListElement":[{"@type":"ListItem","position":1,"name":"Portada","item":"https:\/\/scisco.co\/"},{"@type":"ListItem","position":2,"name":"Legal"}]},{"@type":"WebSite","@id":"https:\/\/scisco.co\/#website","url":"https:\/\/scisco.co\/","name":"Scisco","description":"","publisher":{"@id":"https:\/\/scisco.co\/#organization"},"potentialAction":[{"@type":"SearchAction","target":{"@type":"EntryPoint","urlTemplate":"https:\/\/scisco.co\/?s={search_term_string}"},"query-input":"required name=search_term_string"}],"inLanguage":"en-US"},{"@type":"Organization","@id":"https:\/\/scisco.co\/#organization","name":"Scisco","url":"https:\/\/scisco.co\/","logo":{"@type":"ImageObject","inLanguage":"en-US","@id":"https:\/\/scisco.co\/#\/schema\/logo\/image\/","url":"https:\/\/scisco.co\/wp-content\/uploads\/2022\/11\/Scisco-Foundation_Logo-ESP.png","contentUrl":"https:\/\/scisco.co\/wp-content\/uploads\/2022\/11\/Scisco-Foundation_Logo-ESP.png","width":1896,"height":594,"caption":"Scisco"},"image":{"@id":"https:\/\/scisco.co\/#\/schema\/logo\/image\/"}}]}},"_links":{"self":[{"href":"https:\/\/scisco.co\/en\/wp-json\/wp\/v2\/pages\/1307"}],"collection":[{"href":"https:\/\/scisco.co\/en\/wp-json\/wp\/v2\/pages"}],"about":[{"href":"https:\/\/scisco.co\/en\/wp-json\/wp\/v2\/types\/page"}],"author":[{"embeddable":true,"href":"https:\/\/scisco.co\/en\/wp-json\/wp\/v2\/users\/1"}],"replies":[{"embeddable":true,"href":"https:\/\/scisco.co\/en\/wp-json\/wp\/v2\/comments?post=1307"}],"version-history":[{"count":14,"href":"https:\/\/scisco.co\/en\/wp-json\/wp\/v2\/pages\/1307\/revisions"}],"predecessor-version":[{"id":1726,"href":"https:\/\/scisco.co\/en\/wp-json\/wp\/v2\/pages\/1307\/revisions\/1726"}],"wp:attachment":[{"href":"https:\/\/scisco.co\/en\/wp-json\/wp\/v2\/media?parent=1307"}],"curies":[{"name":"wp","href":"https:\/\/api.w.org\/{rel}","templated":true}]}}